{"id":14868,"date":"2022-06-29T18:46:08","date_gmt":"2022-06-29T16:46:08","guid":{"rendered":"https:\/\/elavion.es\/new2022\/nuestros-productos\/uncategorized\/mazaquitos\/"},"modified":"2025-09-17T19:38:14","modified_gmt":"2025-09-17T17:38:14","slug":"mazaquitos-2","status":"publish","type":"product","link":"https:\/\/www.elavion.es\/en\/nuestros-productos\/marzipans\/mazaquitos-2\/","title":{"rendered":"Mazaquitos"},"content":{"rendered":"<p>In a few words: small pieces of Soto marzipan covered in chocolate that we make ourselves.<\/p>\n<p>Doesn\u2019t that make your mouth water?<\/p>\n","protected":false},"excerpt":{"rendered":"<p>Doesn\u2019t that make your mouth water?<\/p>\n","protected":false},"featured_media":15910,"template":"","meta":{"_acf_changed":false},"product_brand":[],"product_cat":[161],"product_tag":[],"class_list":{"0":"post-14868","1":"product","2":"type-product","3":"status-publish","4":"has-post-thumbnail","6":"propiedad_destacada-sin-gluten","7":"propiedad_destacada-sin-lactosa","8":"product_cat-marzipans","10":"first","11":"instock","12":"sale","13":"shipping-taxable","14":"purchasable","15":"product-type-variable","16":"has-default-attributes"},"acf":{"coloresplantilla":{"colorfondo":"rgba(4,39,95,0.95)","colortexto":"rgb(255,255,255)","coloralternativa":""}},"yoast_head":"<!-- This site is optimized with the Yoast SEO plugin v27.4 - https:\/\/yoast.com\/product\/yoast-seo-wordpress\/ -->\n<title>Mazaquitos - Dulces El Avi\u00f3n<\/title>\n<meta name=\"robots\" content=\"index, follow, max-snippet:-1, max-image-preview:large, max-video-preview:-1\" \/>\n<link rel=\"canonical\" href=\"https:\/\/www.elavion.es\/en\/nuestros-productos\/marzipans\/mazaquitos-2\/\" \/>\n<meta property=\"og:locale\" content=\"en_US\" \/>\n<meta property=\"og:type\" content=\"article\" \/>\n<meta property=\"og:title\" content=\"Mazaquitos - Dulces El Avi\u00f3n\" \/>\n<meta property=\"og:description\" content=\"Doesn\u2019t that make your mouth water?\" \/>\n<meta property=\"og:url\" content=\"https:\/\/www.elavion.es\/en\/nuestros-productos\/marzipans\/mazaquitos-2\/\" \/>\n<meta property=\"og:site_name\" content=\"Dulces El Avi\u00f3n\" \/>\n<meta property=\"article:modified_time\" content=\"2025-09-17T17:38:14+00:00\" \/>\n<meta property=\"og:image\" content=\"https:\/\/www.elavion.es\/wp-content\/uploads\/mazaquito-Dulces-El-Avio\u0301n-min-600x323.png\" \/>\n<meta name=\"twitter:card\" content=\"summary_large_image\" \/>\n<meta name=\"twitter:image\" content=\"https:\/\/www.elavion.es\/wp-content\/uploads\/mazaquito-Dulces-El-Avio\u0301n-min-600x323.png\" \/>\n<meta name=\"twitter:label1\" content=\"Est. reading time\" \/>\n\t<meta name=\"twitter:data1\" content=\"1 minute\" \/>\n<script type=\"application\/ld+json\" class=\"yoast-schema-graph\">{\"@context\":\"https:\\\/\\\/schema.org\",\"@graph\":[{\"@type\":\"WebPage\",\"@id\":\"https:\\\/\\\/www.elavion.es\\\/en\\\/nuestros-productos\\\/marzipans\\\/mazaquitos-2\\\/\",\"url\":\"https:\\\/\\\/www.elavion.es\\\/en\\\/nuestros-productos\\\/marzipans\\\/mazaquitos-2\\\/\",\"name\":\"Mazaquitos - Dulces El Avi\u00f3n\",\"isPartOf\":{\"@id\":\"https:\\\/\\\/www.elavion.es\\\/en\\\/#website\"},\"primaryImageOfPage\":{\"@id\":\"https:\\\/\\\/www.elavion.es\\\/en\\\/nuestros-productos\\\/marzipans\\\/mazaquitos-2\\\/#primaryimage\"},\"image\":{\"@id\":\"https:\\\/\\\/www.elavion.es\\\/en\\\/nuestros-productos\\\/marzipans\\\/mazaquitos-2\\\/#primaryimage\"},\"thumbnailUrl\":\"https:\\\/\\\/www.elavion.es\\\/wp-content\\\/uploads\\\/mazaquito_new-1.png\",\"datePublished\":\"2022-06-29T16:46:08+00:00\",\"dateModified\":\"2025-09-17T17:38:14+00:00\",\"breadcrumb\":{\"@id\":\"https:\\\/\\\/www.elavion.es\\\/en\\\/nuestros-productos\\\/marzipans\\\/mazaquitos-2\\\/#breadcrumb\"},\"inLanguage\":\"en-US\",\"potentialAction\":[{\"@type\":\"ReadAction\",\"target\":[\"https:\\\/\\\/www.elavion.es\\\/en\\\/nuestros-productos\\\/marzipans\\\/mazaquitos-2\\\/\"]}]},{\"@type\":\"ImageObject\",\"inLanguage\":\"en-US\",\"@id\":\"https:\\\/\\\/www.elavion.es\\\/en\\\/nuestros-productos\\\/marzipans\\\/mazaquitos-2\\\/#primaryimage\",\"url\":\"https:\\\/\\\/www.elavion.es\\\/wp-content\\\/uploads\\\/mazaquito_new-1.png\",\"contentUrl\":\"https:\\\/\\\/www.elavion.es\\\/wp-content\\\/uploads\\\/mazaquito_new-1.png\",\"width\":600,\"height\":364,\"caption\":\"Mazaquito, bomb\u00f3n de mazap\u00e1n\"},{\"@type\":\"BreadcrumbList\",\"@id\":\"https:\\\/\\\/www.elavion.es\\\/en\\\/nuestros-productos\\\/marzipans\\\/mazaquitos-2\\\/#breadcrumb\",\"itemListElement\":[{\"@type\":\"ListItem\",\"position\":1,\"name\":\"Portada\",\"item\":\"https:\\\/\\\/www.elavion.es\\\/en\\\/\"},{\"@type\":\"ListItem\",\"position\":2,\"name\":\"Our products\",\"item\":\"https:\\\/\\\/www.elavion.es\\\/en\\\/our-products\\\/\"},{\"@type\":\"ListItem\",\"position\":3,\"name\":\"Mazaquitos\"}]},{\"@type\":\"WebSite\",\"@id\":\"https:\\\/\\\/www.elavion.es\\\/en\\\/#website\",\"url\":\"https:\\\/\\\/www.elavion.es\\\/en\\\/\",\"name\":\"Dulces El Avi\u00f3n\",\"description\":\"Dulces El Avi\u00f3n, somos fabricantes de toffees, caramelos, chocolates, frutas ba\u00f1adas, mazapanes de Soto... Fabricados para ti desde Logro\u00f1o, La Rioja.\",\"potentialAction\":[{\"@type\":\"SearchAction\",\"target\":{\"@type\":\"EntryPoint\",\"urlTemplate\":\"https:\\\/\\\/www.elavion.es\\\/en\\\/?s={search_term_string}\"},\"query-input\":{\"@type\":\"PropertyValueSpecification\",\"valueRequired\":true,\"valueName\":\"search_term_string\"}}],\"inLanguage\":\"en-US\"}]}<\/script>\n<!-- \/ Yoast SEO plugin. -->","yoast_head_json":{"title":"Mazaquitos - Dulces El Avi\u00f3n","robots":{"index":"index","follow":"follow","max-snippet":"max-snippet:-1","max-image-preview":"max-image-preview:large","max-video-preview":"max-video-preview:-1"},"canonical":"https:\/\/www.elavion.es\/en\/nuestros-productos\/marzipans\/mazaquitos-2\/","og_locale":"en_US","og_type":"article","og_title":"Mazaquitos - Dulces El Avi\u00f3n","og_description":"Doesn\u2019t that make your mouth water?","og_url":"https:\/\/www.elavion.es\/en\/nuestros-productos\/marzipans\/mazaquitos-2\/","og_site_name":"Dulces El Avi\u00f3n","article_modified_time":"2025-09-17T17:38:14+00:00","og_image":[{"url":"https:\/\/www.elavion.es\/wp-content\/uploads\/mazaquito-Dulces-El-Avio\u0301n-min-600x323.png","type":"","width":"","height":""}],"twitter_card":"summary_large_image","twitter_image":"https:\/\/www.elavion.es\/wp-content\/uploads\/mazaquito-Dulces-El-Avio\u0301n-min-600x323.png","twitter_misc":{"Est. reading time":"1 minute"},"schema":{"@context":"https:\/\/schema.org","@graph":[{"@type":"WebPage","@id":"https:\/\/www.elavion.es\/en\/nuestros-productos\/marzipans\/mazaquitos-2\/","url":"https:\/\/www.elavion.es\/en\/nuestros-productos\/marzipans\/mazaquitos-2\/","name":"Mazaquitos - Dulces El Avi\u00f3n","isPartOf":{"@id":"https:\/\/www.elavion.es\/en\/#website"},"primaryImageOfPage":{"@id":"https:\/\/www.elavion.es\/en\/nuestros-productos\/marzipans\/mazaquitos-2\/#primaryimage"},"image":{"@id":"https:\/\/www.elavion.es\/en\/nuestros-productos\/marzipans\/mazaquitos-2\/#primaryimage"},"thumbnailUrl":"https:\/\/www.elavion.es\/wp-content\/uploads\/mazaquito_new-1.png","datePublished":"2022-06-29T16:46:08+00:00","dateModified":"2025-09-17T17:38:14+00:00","breadcrumb":{"@id":"https:\/\/www.elavion.es\/en\/nuestros-productos\/marzipans\/mazaquitos-2\/#breadcrumb"},"inLanguage":"en-US","potentialAction":[{"@type":"ReadAction","target":["https:\/\/www.elavion.es\/en\/nuestros-productos\/marzipans\/mazaquitos-2\/"]}]},{"@type":"ImageObject","inLanguage":"en-US","@id":"https:\/\/www.elavion.es\/en\/nuestros-productos\/marzipans\/mazaquitos-2\/#primaryimage","url":"https:\/\/www.elavion.es\/wp-content\/uploads\/mazaquito_new-1.png","contentUrl":"https:\/\/www.elavion.es\/wp-content\/uploads\/mazaquito_new-1.png","width":600,"height":364,"caption":"Mazaquito, bomb\u00f3n de mazap\u00e1n"},{"@type":"BreadcrumbList","@id":"https:\/\/www.elavion.es\/en\/nuestros-productos\/marzipans\/mazaquitos-2\/#breadcrumb","itemListElement":[{"@type":"ListItem","position":1,"name":"Portada","item":"https:\/\/www.elavion.es\/en\/"},{"@type":"ListItem","position":2,"name":"Our products","item":"https:\/\/www.elavion.es\/en\/our-products\/"},{"@type":"ListItem","position":3,"name":"Mazaquitos"}]},{"@type":"WebSite","@id":"https:\/\/www.elavion.es\/en\/#website","url":"https:\/\/www.elavion.es\/en\/","name":"Dulces El Avi\u00f3n","description":"Dulces El Avi\u00f3n, somos fabricantes de toffees, caramelos, chocolates, frutas ba\u00f1adas, mazapanes de Soto... Fabricados para ti desde Logro\u00f1o, La Rioja.","potentialAction":[{"@type":"SearchAction","target":{"@type":"EntryPoint","urlTemplate":"https:\/\/www.elavion.es\/en\/?s={search_term_string}"},"query-input":{"@type":"PropertyValueSpecification","valueRequired":true,"valueName":"search_term_string"}}],"inLanguage":"en-US"}]}},"_links":{"self":[{"href":"https:\/\/www.elavion.es\/en\/wp-json\/wp\/v2\/product\/14868","targetHints":{"allow":["GET"]}}],"collection":[{"href":"https:\/\/www.elavion.es\/en\/wp-json\/wp\/v2\/product"}],"about":[{"href":"https:\/\/www.elavion.es\/en\/wp-json\/wp\/v2\/types\/product"}],"wp:featuredmedia":[{"embeddable":true,"href":"https:\/\/www.elavion.es\/en\/wp-json\/wp\/v2\/media\/15910"}],"wp:attachment":[{"href":"https:\/\/www.elavion.es\/en\/wp-json\/wp\/v2\/media?parent=14868"}],"wp:term":[{"taxonomy":"product_brand","embeddable":true,"href":"https:\/\/www.elavion.es\/en\/wp-json\/wp\/v2\/product_brand?post=14868"},{"taxonomy":"product_cat","embeddable":true,"href":"https:\/\/www.elavion.es\/en\/wp-json\/wp\/v2\/product_cat?post=14868"},{"taxonomy":"product_tag","embeddable":true,"href":"https:\/\/www.elavion.es\/en\/wp-json\/wp\/v2\/product_tag?post=14868"}],"curies":[{"name":"wp","href":"https:\/\/api.w.org\/{rel}","templated":true}]}}