{"id":14865,"date":"2022-06-29T18:31:06","date_gmt":"2022-06-29T16:31:06","guid":{"rendered":"https:\/\/elavion.es\/new2022\/nuestros-productos\/uncategorized\/sugar-free-soto-marzipan\/"},"modified":"2025-09-17T19:31:06","modified_gmt":"2025-09-17T17:31:06","slug":"sugar-free-marzipan","status":"publish","type":"product","link":"https:\/\/www.elavion.es\/en\/nuestros-productos\/marzipans\/sugar-free-marzipan\/","title":{"rendered":"Sugar-free Soto Marzipan"},"content":{"rendered":"<p>Do you have diabetes? Keen on watching your weight? Well we have good news for you: we also manufacture our legendary Soto marzipan without sugar.<\/p>\n<p>Enjoy with no regrets!<\/p>\n","protected":false},"excerpt":{"rendered":"<p>Enjoy with no regrets!<\/p>\n","protected":false},"featured_media":15244,"template":"","meta":{"_acf_changed":false},"product_brand":[],"product_cat":[161],"product_tag":[],"class_list":{"0":"post-14865","1":"product","2":"type-product","3":"status-publish","4":"has-post-thumbnail","6":"propiedad_destacada-sin-azucar","7":"propiedad_destacada-sin-gluten","8":"propiedad_destacada-sin-lactosa","9":"product_cat-marzipans","11":"first","12":"instock","13":"sale","14":"shipping-taxable","15":"purchasable","16":"product-type-variable","17":"has-default-attributes"},"acf":{"coloresplantilla":{"colorfondo":"rgba(209,168,115,0.9)","colortexto":"rgb(99,66,47)","coloralternativa":""}},"yoast_head":"<!-- This site is optimized with the Yoast SEO plugin v27.4 - https:\/\/yoast.com\/product\/yoast-seo-wordpress\/ -->\n<title>Sugar-free Soto Marzipan - Dulces El Avi\u00f3n<\/title>\n<meta name=\"robots\" content=\"index, follow, max-snippet:-1, max-image-preview:large, max-video-preview:-1\" \/>\n<link rel=\"canonical\" href=\"https:\/\/www.elavion.es\/en\/nuestros-productos\/marzipans\/sugar-free-marzipan\/\" \/>\n<meta property=\"og:locale\" content=\"en_US\" \/>\n<meta property=\"og:type\" content=\"article\" \/>\n<meta property=\"og:title\" content=\"Sugar-free Soto Marzipan - Dulces El Avi\u00f3n\" \/>\n<meta property=\"og:description\" content=\"Enjoy with no regrets!\" \/>\n<meta property=\"og:url\" content=\"https:\/\/www.elavion.es\/en\/nuestros-productos\/marzipans\/sugar-free-marzipan\/\" \/>\n<meta property=\"og:site_name\" content=\"Dulces El Avi\u00f3n\" \/>\n<meta property=\"article:modified_time\" content=\"2025-09-17T17:31:06+00:00\" \/>\n<meta property=\"og:image\" content=\"https:\/\/www.elavion.es\/wp-content\/uploads\/mazapan-de-soto-sin-azucar-Dulces-El-Avio\u0301n-600x323.png\" \/>\n<meta name=\"twitter:card\" content=\"summary_large_image\" \/>\n<meta name=\"twitter:image\" content=\"https:\/\/www.elavion.es\/wp-content\/uploads\/mazapan-de-soto-sin-azucar-Dulces-El-Avio\u0301n-600x323.png\" \/>\n<meta name=\"twitter:label1\" content=\"Est. reading time\" \/>\n\t<meta name=\"twitter:data1\" content=\"1 minute\" \/>\n<script type=\"application\/ld+json\" class=\"yoast-schema-graph\">{\"@context\":\"https:\\\/\\\/schema.org\",\"@graph\":[{\"@type\":\"WebPage\",\"@id\":\"https:\\\/\\\/www.elavion.es\\\/en\\\/nuestros-productos\\\/marzipans\\\/sugar-free-marzipan\\\/\",\"url\":\"https:\\\/\\\/www.elavion.es\\\/en\\\/nuestros-productos\\\/marzipans\\\/sugar-free-marzipan\\\/\",\"name\":\"Sugar-free Soto Marzipan - Dulces El Avi\u00f3n\",\"isPartOf\":{\"@id\":\"https:\\\/\\\/www.elavion.es\\\/en\\\/#website\"},\"primaryImageOfPage\":{\"@id\":\"https:\\\/\\\/www.elavion.es\\\/en\\\/nuestros-productos\\\/marzipans\\\/sugar-free-marzipan\\\/#primaryimage\"},\"image\":{\"@id\":\"https:\\\/\\\/www.elavion.es\\\/en\\\/nuestros-productos\\\/marzipans\\\/sugar-free-marzipan\\\/#primaryimage\"},\"thumbnailUrl\":\"https:\\\/\\\/www.elavion.es\\\/wp-content\\\/uploads\\\/Mazapan-rojo-sin-fondo-frontal-copia-1.png\",\"datePublished\":\"2022-06-29T16:31:06+00:00\",\"dateModified\":\"2025-09-17T17:31:06+00:00\",\"breadcrumb\":{\"@id\":\"https:\\\/\\\/www.elavion.es\\\/en\\\/nuestros-productos\\\/marzipans\\\/sugar-free-marzipan\\\/#breadcrumb\"},\"inLanguage\":\"en-US\",\"potentialAction\":[{\"@type\":\"ReadAction\",\"target\":[\"https:\\\/\\\/www.elavion.es\\\/en\\\/nuestros-productos\\\/marzipans\\\/sugar-free-marzipan\\\/\"]}]},{\"@type\":\"ImageObject\",\"inLanguage\":\"en-US\",\"@id\":\"https:\\\/\\\/www.elavion.es\\\/en\\\/nuestros-productos\\\/marzipans\\\/sugar-free-marzipan\\\/#primaryimage\",\"url\":\"https:\\\/\\\/www.elavion.es\\\/wp-content\\\/uploads\\\/Mazapan-rojo-sin-fondo-frontal-copia-1.png\",\"contentUrl\":\"https:\\\/\\\/www.elavion.es\\\/wp-content\\\/uploads\\\/Mazapan-rojo-sin-fondo-frontal-copia-1.png\",\"width\":800,\"height\":485,\"caption\":\"Mazap\u00e1n de Soto sin az\u00facares a\u00f1adidos\"},{\"@type\":\"BreadcrumbList\",\"@id\":\"https:\\\/\\\/www.elavion.es\\\/en\\\/nuestros-productos\\\/marzipans\\\/sugar-free-marzipan\\\/#breadcrumb\",\"itemListElement\":[{\"@type\":\"ListItem\",\"position\":1,\"name\":\"Portada\",\"item\":\"https:\\\/\\\/www.elavion.es\\\/en\\\/\"},{\"@type\":\"ListItem\",\"position\":2,\"name\":\"Our products\",\"item\":\"https:\\\/\\\/www.elavion.es\\\/en\\\/our-products\\\/\"},{\"@type\":\"ListItem\",\"position\":3,\"name\":\"Sugar-free Soto Marzipan\"}]},{\"@type\":\"WebSite\",\"@id\":\"https:\\\/\\\/www.elavion.es\\\/en\\\/#website\",\"url\":\"https:\\\/\\\/www.elavion.es\\\/en\\\/\",\"name\":\"Dulces El Avi\u00f3n\",\"description\":\"Dulces El Avi\u00f3n, somos fabricantes de toffees, caramelos, chocolates, frutas ba\u00f1adas, mazapanes de Soto... Fabricados para ti desde Logro\u00f1o, La Rioja.\",\"potentialAction\":[{\"@type\":\"SearchAction\",\"target\":{\"@type\":\"EntryPoint\",\"urlTemplate\":\"https:\\\/\\\/www.elavion.es\\\/en\\\/?s={search_term_string}\"},\"query-input\":{\"@type\":\"PropertyValueSpecification\",\"valueRequired\":true,\"valueName\":\"search_term_string\"}}],\"inLanguage\":\"en-US\"}]}<\/script>\n<!-- \/ Yoast SEO plugin. -->","yoast_head_json":{"title":"Sugar-free Soto Marzipan - Dulces El Avi\u00f3n","robots":{"index":"index","follow":"follow","max-snippet":"max-snippet:-1","max-image-preview":"max-image-preview:large","max-video-preview":"max-video-preview:-1"},"canonical":"https:\/\/www.elavion.es\/en\/nuestros-productos\/marzipans\/sugar-free-marzipan\/","og_locale":"en_US","og_type":"article","og_title":"Sugar-free Soto Marzipan - Dulces El Avi\u00f3n","og_description":"Enjoy with no regrets!","og_url":"https:\/\/www.elavion.es\/en\/nuestros-productos\/marzipans\/sugar-free-marzipan\/","og_site_name":"Dulces El Avi\u00f3n","article_modified_time":"2025-09-17T17:31:06+00:00","og_image":[{"url":"https:\/\/www.elavion.es\/wp-content\/uploads\/mazapan-de-soto-sin-azucar-Dulces-El-Avio\u0301n-600x323.png","type":"","width":"","height":""}],"twitter_card":"summary_large_image","twitter_image":"https:\/\/www.elavion.es\/wp-content\/uploads\/mazapan-de-soto-sin-azucar-Dulces-El-Avio\u0301n-600x323.png","twitter_misc":{"Est. reading time":"1 minute"},"schema":{"@context":"https:\/\/schema.org","@graph":[{"@type":"WebPage","@id":"https:\/\/www.elavion.es\/en\/nuestros-productos\/marzipans\/sugar-free-marzipan\/","url":"https:\/\/www.elavion.es\/en\/nuestros-productos\/marzipans\/sugar-free-marzipan\/","name":"Sugar-free Soto Marzipan - Dulces El Avi\u00f3n","isPartOf":{"@id":"https:\/\/www.elavion.es\/en\/#website"},"primaryImageOfPage":{"@id":"https:\/\/www.elavion.es\/en\/nuestros-productos\/marzipans\/sugar-free-marzipan\/#primaryimage"},"image":{"@id":"https:\/\/www.elavion.es\/en\/nuestros-productos\/marzipans\/sugar-free-marzipan\/#primaryimage"},"thumbnailUrl":"https:\/\/www.elavion.es\/wp-content\/uploads\/Mazapan-rojo-sin-fondo-frontal-copia-1.png","datePublished":"2022-06-29T16:31:06+00:00","dateModified":"2025-09-17T17:31:06+00:00","breadcrumb":{"@id":"https:\/\/www.elavion.es\/en\/nuestros-productos\/marzipans\/sugar-free-marzipan\/#breadcrumb"},"inLanguage":"en-US","potentialAction":[{"@type":"ReadAction","target":["https:\/\/www.elavion.es\/en\/nuestros-productos\/marzipans\/sugar-free-marzipan\/"]}]},{"@type":"ImageObject","inLanguage":"en-US","@id":"https:\/\/www.elavion.es\/en\/nuestros-productos\/marzipans\/sugar-free-marzipan\/#primaryimage","url":"https:\/\/www.elavion.es\/wp-content\/uploads\/Mazapan-rojo-sin-fondo-frontal-copia-1.png","contentUrl":"https:\/\/www.elavion.es\/wp-content\/uploads\/Mazapan-rojo-sin-fondo-frontal-copia-1.png","width":800,"height":485,"caption":"Mazap\u00e1n de Soto sin az\u00facares a\u00f1adidos"},{"@type":"BreadcrumbList","@id":"https:\/\/www.elavion.es\/en\/nuestros-productos\/marzipans\/sugar-free-marzipan\/#breadcrumb","itemListElement":[{"@type":"ListItem","position":1,"name":"Portada","item":"https:\/\/www.elavion.es\/en\/"},{"@type":"ListItem","position":2,"name":"Our products","item":"https:\/\/www.elavion.es\/en\/our-products\/"},{"@type":"ListItem","position":3,"name":"Sugar-free Soto Marzipan"}]},{"@type":"WebSite","@id":"https:\/\/www.elavion.es\/en\/#website","url":"https:\/\/www.elavion.es\/en\/","name":"Dulces El Avi\u00f3n","description":"Dulces El Avi\u00f3n, somos fabricantes de toffees, caramelos, chocolates, frutas ba\u00f1adas, mazapanes de Soto... Fabricados para ti desde Logro\u00f1o, La Rioja.","potentialAction":[{"@type":"SearchAction","target":{"@type":"EntryPoint","urlTemplate":"https:\/\/www.elavion.es\/en\/?s={search_term_string}"},"query-input":{"@type":"PropertyValueSpecification","valueRequired":true,"valueName":"search_term_string"}}],"inLanguage":"en-US"}]}},"_links":{"self":[{"href":"https:\/\/www.elavion.es\/en\/wp-json\/wp\/v2\/product\/14865","targetHints":{"allow":["GET"]}}],"collection":[{"href":"https:\/\/www.elavion.es\/en\/wp-json\/wp\/v2\/product"}],"about":[{"href":"https:\/\/www.elavion.es\/en\/wp-json\/wp\/v2\/types\/product"}],"wp:featuredmedia":[{"embeddable":true,"href":"https:\/\/www.elavion.es\/en\/wp-json\/wp\/v2\/media\/15244"}],"wp:attachment":[{"href":"https:\/\/www.elavion.es\/en\/wp-json\/wp\/v2\/media?parent=14865"}],"wp:term":[{"taxonomy":"product_brand","embeddable":true,"href":"https:\/\/www.elavion.es\/en\/wp-json\/wp\/v2\/product_brand?post=14865"},{"taxonomy":"product_cat","embeddable":true,"href":"https:\/\/www.elavion.es\/en\/wp-json\/wp\/v2\/product_cat?post=14865"},{"taxonomy":"product_tag","embeddable":true,"href":"https:\/\/www.elavion.es\/en\/wp-json\/wp\/v2\/product_tag?post=14865"}],"curies":[{"name":"wp","href":"https:\/\/api.w.org\/{rel}","templated":true}]}}