{"id":14837,"date":"2022-06-29T13:10:27","date_gmt":"2022-06-29T11:10:27","guid":{"rendered":"https:\/\/elavion.es\/new2022\/nuestros-productos\/uncategorized\/zakos\/"},"modified":"2025-06-13T18:41:39","modified_gmt":"2025-06-13T16:41:39","slug":"zakos-2","status":"publish","type":"product","link":"https:\/\/www.elavion.es\/en\/nuestros-productos\/pastilles\/zakos-2\/","title":{"rendered":"Zako\u2019s"},"content":{"rendered":"<p>Much more than just a sweet.<\/p>\n<p>Enjoy the softness and the aromas of the cream, mocha and coffee-coffee varieties.<\/p>\n","protected":false},"excerpt":{"rendered":"<p>Much more than just a sweet.<\/p>\n","protected":false},"featured_media":13164,"template":"","meta":{"_acf_changed":false},"product_brand":[],"product_cat":[157],"product_tag":[],"class_list":{"0":"post-14837","1":"product","2":"type-product","3":"status-publish","4":"has-post-thumbnail","6":"propiedad_destacada-sin-gluten","7":"product_cat-pastilles","9":"first","10":"instock","11":"shipping-taxable","12":"purchasable","13":"product-type-variable","14":"has-default-attributes"},"acf":{"coloresplantilla":{"colorfondo":"rgba(87,51,39,0.95)","colortexto":"rgb(255,255,255)","coloralternativa":"rgb(129,215,66)"}},"yoast_head":"<!-- This site is optimized with the Yoast SEO plugin v27.4 - https:\/\/yoast.com\/product\/yoast-seo-wordpress\/ -->\n<title>Zako\u2019s - Dulces El Avi\u00f3n<\/title>\n<meta name=\"robots\" content=\"index, follow, max-snippet:-1, max-image-preview:large, max-video-preview:-1\" \/>\n<link rel=\"canonical\" href=\"https:\/\/www.elavion.es\/en\/nuestros-productos\/pastilles\/zakos-2\/\" \/>\n<meta property=\"og:locale\" content=\"en_US\" \/>\n<meta property=\"og:type\" content=\"article\" \/>\n<meta property=\"og:title\" content=\"Zako\u2019s - Dulces El Avi\u00f3n\" \/>\n<meta property=\"og:description\" content=\"Much more than just a sweet.\" \/>\n<meta property=\"og:url\" content=\"https:\/\/www.elavion.es\/en\/nuestros-productos\/pastilles\/zakos-2\/\" \/>\n<meta property=\"og:site_name\" content=\"Dulces El Avi\u00f3n\" \/>\n<meta property=\"article:modified_time\" content=\"2025-06-13T16:41:39+00:00\" \/>\n<meta property=\"og:image\" content=\"https:\/\/www.elavion.es\/wp-content\/uploads\/zakos-cafe-Dulces-El-Avio\u0301n.png\" \/>\n\t<meta property=\"og:image:width\" content=\"1000\" \/>\n\t<meta property=\"og:image:height\" content=\"538\" \/>\n\t<meta property=\"og:image:type\" content=\"image\/png\" \/>\n<meta name=\"twitter:card\" content=\"summary_large_image\" \/>\n<meta name=\"twitter:label1\" content=\"Est. reading time\" \/>\n\t<meta name=\"twitter:data1\" content=\"1 minute\" \/>\n<script type=\"application\/ld+json\" class=\"yoast-schema-graph\">{\"@context\":\"https:\\\/\\\/schema.org\",\"@graph\":[{\"@type\":\"WebPage\",\"@id\":\"https:\\\/\\\/www.elavion.es\\\/en\\\/nuestros-productos\\\/pastilles\\\/zakos-2\\\/\",\"url\":\"https:\\\/\\\/www.elavion.es\\\/en\\\/nuestros-productos\\\/pastilles\\\/zakos-2\\\/\",\"name\":\"Zako\u2019s - Dulces El Avi\u00f3n\",\"isPartOf\":{\"@id\":\"https:\\\/\\\/www.elavion.es\\\/en\\\/#website\"},\"primaryImageOfPage\":{\"@id\":\"https:\\\/\\\/www.elavion.es\\\/en\\\/nuestros-productos\\\/pastilles\\\/zakos-2\\\/#primaryimage\"},\"image\":{\"@id\":\"https:\\\/\\\/www.elavion.es\\\/en\\\/nuestros-productos\\\/pastilles\\\/zakos-2\\\/#primaryimage\"},\"thumbnailUrl\":\"https:\\\/\\\/www.elavion.es\\\/wp-content\\\/uploads\\\/zakos-cafe-Dulces-El-Avio\u0301n.png\",\"datePublished\":\"2022-06-29T11:10:27+00:00\",\"dateModified\":\"2025-06-13T16:41:39+00:00\",\"breadcrumb\":{\"@id\":\"https:\\\/\\\/www.elavion.es\\\/en\\\/nuestros-productos\\\/pastilles\\\/zakos-2\\\/#breadcrumb\"},\"inLanguage\":\"en-US\",\"potentialAction\":[{\"@type\":\"ReadAction\",\"target\":[\"https:\\\/\\\/www.elavion.es\\\/en\\\/nuestros-productos\\\/pastilles\\\/zakos-2\\\/\"]}]},{\"@type\":\"ImageObject\",\"inLanguage\":\"en-US\",\"@id\":\"https:\\\/\\\/www.elavion.es\\\/en\\\/nuestros-productos\\\/pastilles\\\/zakos-2\\\/#primaryimage\",\"url\":\"https:\\\/\\\/www.elavion.es\\\/wp-content\\\/uploads\\\/zakos-cafe-Dulces-El-Avio\u0301n.png\",\"contentUrl\":\"https:\\\/\\\/www.elavion.es\\\/wp-content\\\/uploads\\\/zakos-cafe-Dulces-El-Avio\u0301n.png\",\"width\":1000,\"height\":538,\"caption\":\"Caramelo Zako's, el aroma y sabor de un buen caf\u00e9\"},{\"@type\":\"BreadcrumbList\",\"@id\":\"https:\\\/\\\/www.elavion.es\\\/en\\\/nuestros-productos\\\/pastilles\\\/zakos-2\\\/#breadcrumb\",\"itemListElement\":[{\"@type\":\"ListItem\",\"position\":1,\"name\":\"Portada\",\"item\":\"https:\\\/\\\/www.elavion.es\\\/en\\\/\"},{\"@type\":\"ListItem\",\"position\":2,\"name\":\"Our products\",\"item\":\"https:\\\/\\\/www.elavion.es\\\/en\\\/our-products\\\/\"},{\"@type\":\"ListItem\",\"position\":3,\"name\":\"Zako\u2019s\"}]},{\"@type\":\"WebSite\",\"@id\":\"https:\\\/\\\/www.elavion.es\\\/en\\\/#website\",\"url\":\"https:\\\/\\\/www.elavion.es\\\/en\\\/\",\"name\":\"Dulces El Avi\u00f3n\",\"description\":\"Dulces El Avi\u00f3n, somos fabricantes de toffees, caramelos, chocolates, frutas ba\u00f1adas, mazapanes de Soto... Fabricados para ti desde Logro\u00f1o, La Rioja.\",\"potentialAction\":[{\"@type\":\"SearchAction\",\"target\":{\"@type\":\"EntryPoint\",\"urlTemplate\":\"https:\\\/\\\/www.elavion.es\\\/en\\\/?s={search_term_string}\"},\"query-input\":{\"@type\":\"PropertyValueSpecification\",\"valueRequired\":true,\"valueName\":\"search_term_string\"}}],\"inLanguage\":\"en-US\"}]}<\/script>\n<!-- \/ Yoast SEO plugin. -->","yoast_head_json":{"title":"Zako\u2019s - Dulces El Avi\u00f3n","robots":{"index":"index","follow":"follow","max-snippet":"max-snippet:-1","max-image-preview":"max-image-preview:large","max-video-preview":"max-video-preview:-1"},"canonical":"https:\/\/www.elavion.es\/en\/nuestros-productos\/pastilles\/zakos-2\/","og_locale":"en_US","og_type":"article","og_title":"Zako\u2019s - Dulces El Avi\u00f3n","og_description":"Much more than just a sweet.","og_url":"https:\/\/www.elavion.es\/en\/nuestros-productos\/pastilles\/zakos-2\/","og_site_name":"Dulces El Avi\u00f3n","article_modified_time":"2025-06-13T16:41:39+00:00","og_image":[{"width":1000,"height":538,"url":"https:\/\/www.elavion.es\/wp-content\/uploads\/zakos-cafe-Dulces-El-Avio\u0301n.png","type":"image\/png"}],"twitter_card":"summary_large_image","twitter_misc":{"Est. reading time":"1 minute"},"schema":{"@context":"https:\/\/schema.org","@graph":[{"@type":"WebPage","@id":"https:\/\/www.elavion.es\/en\/nuestros-productos\/pastilles\/zakos-2\/","url":"https:\/\/www.elavion.es\/en\/nuestros-productos\/pastilles\/zakos-2\/","name":"Zako\u2019s - Dulces El Avi\u00f3n","isPartOf":{"@id":"https:\/\/www.elavion.es\/en\/#website"},"primaryImageOfPage":{"@id":"https:\/\/www.elavion.es\/en\/nuestros-productos\/pastilles\/zakos-2\/#primaryimage"},"image":{"@id":"https:\/\/www.elavion.es\/en\/nuestros-productos\/pastilles\/zakos-2\/#primaryimage"},"thumbnailUrl":"https:\/\/www.elavion.es\/wp-content\/uploads\/zakos-cafe-Dulces-El-Avio\u0301n.png","datePublished":"2022-06-29T11:10:27+00:00","dateModified":"2025-06-13T16:41:39+00:00","breadcrumb":{"@id":"https:\/\/www.elavion.es\/en\/nuestros-productos\/pastilles\/zakos-2\/#breadcrumb"},"inLanguage":"en-US","potentialAction":[{"@type":"ReadAction","target":["https:\/\/www.elavion.es\/en\/nuestros-productos\/pastilles\/zakos-2\/"]}]},{"@type":"ImageObject","inLanguage":"en-US","@id":"https:\/\/www.elavion.es\/en\/nuestros-productos\/pastilles\/zakos-2\/#primaryimage","url":"https:\/\/www.elavion.es\/wp-content\/uploads\/zakos-cafe-Dulces-El-Avio\u0301n.png","contentUrl":"https:\/\/www.elavion.es\/wp-content\/uploads\/zakos-cafe-Dulces-El-Avio\u0301n.png","width":1000,"height":538,"caption":"Caramelo Zako's, el aroma y sabor de un buen caf\u00e9"},{"@type":"BreadcrumbList","@id":"https:\/\/www.elavion.es\/en\/nuestros-productos\/pastilles\/zakos-2\/#breadcrumb","itemListElement":[{"@type":"ListItem","position":1,"name":"Portada","item":"https:\/\/www.elavion.es\/en\/"},{"@type":"ListItem","position":2,"name":"Our products","item":"https:\/\/www.elavion.es\/en\/our-products\/"},{"@type":"ListItem","position":3,"name":"Zako\u2019s"}]},{"@type":"WebSite","@id":"https:\/\/www.elavion.es\/en\/#website","url":"https:\/\/www.elavion.es\/en\/","name":"Dulces El Avi\u00f3n","description":"Dulces El Avi\u00f3n, somos fabricantes de toffees, caramelos, chocolates, frutas ba\u00f1adas, mazapanes de Soto... Fabricados para ti desde Logro\u00f1o, La Rioja.","potentialAction":[{"@type":"SearchAction","target":{"@type":"EntryPoint","urlTemplate":"https:\/\/www.elavion.es\/en\/?s={search_term_string}"},"query-input":{"@type":"PropertyValueSpecification","valueRequired":true,"valueName":"search_term_string"}}],"inLanguage":"en-US"}]}},"_links":{"self":[{"href":"https:\/\/www.elavion.es\/en\/wp-json\/wp\/v2\/product\/14837","targetHints":{"allow":["GET"]}}],"collection":[{"href":"https:\/\/www.elavion.es\/en\/wp-json\/wp\/v2\/product"}],"about":[{"href":"https:\/\/www.elavion.es\/en\/wp-json\/wp\/v2\/types\/product"}],"wp:featuredmedia":[{"embeddable":true,"href":"https:\/\/www.elavion.es\/en\/wp-json\/wp\/v2\/media\/13164"}],"wp:attachment":[{"href":"https:\/\/www.elavion.es\/en\/wp-json\/wp\/v2\/media?parent=14837"}],"wp:term":[{"taxonomy":"product_brand","embeddable":true,"href":"https:\/\/www.elavion.es\/en\/wp-json\/wp\/v2\/product_brand?post=14837"},{"taxonomy":"product_cat","embeddable":true,"href":"https:\/\/www.elavion.es\/en\/wp-json\/wp\/v2\/product_cat?post=14837"},{"taxonomy":"product_tag","embeddable":true,"href":"https:\/\/www.elavion.es\/en\/wp-json\/wp\/v2\/product_tag?post=14837"}],"curies":[{"name":"wp","href":"https:\/\/api.w.org\/{rel}","templated":true}]}}