{"id":14791,"date":"2022-06-29T08:46:31","date_gmt":"2022-06-29T06:46:31","guid":{"rendered":"https:\/\/elavion.es\/new2022\/nuestros-productos\/uncategorized\/coffee-and-milk-pastille\/"},"modified":"2025-05-15T10:26:07","modified_gmt":"2025-05-15T08:26:07","slug":"pastilla-cafe-con-leche-2","status":"publish","type":"product","link":"https:\/\/www.elavion.es\/en\/nuestros-productos\/toffees-en\/pastilla-cafe-con-leche-2\/","title":{"rendered":"Toffee Caf\u00e9 y Leche"},"content":{"rendered":"<p>What could we say about this classic sweet? Simple and delicious toffee with coffee and milk.<\/p>\n","protected":false},"excerpt":{"rendered":"<p>Simple and delicious.<\/p>\n","protected":false},"featured_media":13065,"template":"","meta":{"_acf_changed":false},"product_brand":[],"product_cat":[162],"product_tag":[],"class_list":{"0":"post-14791","1":"product","2":"type-product","3":"status-publish","4":"has-post-thumbnail","6":"propiedad_destacada-sin-gluten","7":"product_cat-toffees-en","9":"first","10":"instock","11":"shipping-taxable","12":"purchasable","13":"product-type-variable","14":"has-default-attributes"},"acf":{"coloresplantilla":{"colorfondo":"rgb(247,227,185)","colortexto":"rgb(4,39,95)","coloralternativa":"rgb(129,215,66)"}},"yoast_head":"<!-- This site is optimized with the Yoast SEO plugin v27.6 - https:\/\/yoast.com\/product\/yoast-seo-wordpress\/ -->\n<title>Toffee Caf\u00e9 y Leche with coffee and milk<\/title>\n<meta name=\"description\" content=\"Enjoy this Toffee Caf\u00e9 y Leche. Simple and delicious toffee with coffee and milk.\" \/>\n<meta name=\"robots\" content=\"index, follow, max-snippet:-1, max-image-preview:large, max-video-preview:-1\" \/>\n<link rel=\"canonical\" href=\"https:\/\/www.elavion.es\/en\/nuestros-productos\/toffees-en\/pastilla-cafe-con-leche-2\/\" \/>\n<meta property=\"og:locale\" content=\"en_US\" \/>\n<meta property=\"og:type\" content=\"article\" \/>\n<meta property=\"og:title\" content=\"Toffee Caf\u00e9 y Leche with coffee and cream\" \/>\n<meta property=\"og:description\" content=\"Enjoy this Toffee Caf\u00e9 y Leche. Simple and delicious toffee with coffee and cream.\" \/>\n<meta property=\"og:url\" content=\"https:\/\/www.elavion.es\/en\/nuestros-productos\/toffees-en\/pastilla-cafe-con-leche-2\/\" \/>\n<meta property=\"og:site_name\" content=\"Dulces El Avi\u00f3n\" \/>\n<meta property=\"article:modified_time\" content=\"2025-05-15T08:26:07+00:00\" \/>\n<meta property=\"og:image\" content=\"https:\/\/www.elavion.es\/wp-content\/uploads\/pastilla_cafeyleche-Dulces-El-avio\u0301n.png\" \/>\n\t<meta property=\"og:image:width\" content=\"1000\" \/>\n\t<meta property=\"og:image:height\" content=\"538\" \/>\n\t<meta property=\"og:image:type\" content=\"image\/png\" \/>\n<meta name=\"twitter:card\" content=\"summary_large_image\" \/>\n<meta name=\"twitter:title\" content=\"Toffee Caf\u00e9 y Leche with coffee and cream\" \/>\n<meta name=\"twitter:description\" content=\"Enjoy this Toffee Caf\u00e9 y Leche. Simple and delicious toffee with coffee and cream.\" \/>\n<meta name=\"twitter:image\" content=\"https:\/\/www.elavion.es\/wp-content\/uploads\/pastilla_cafeyleche-Dulces-El-avio\u0301n.png\" \/>\n<meta name=\"twitter:label1\" content=\"Est. reading time\" \/>\n\t<meta name=\"twitter:data1\" content=\"1 minute\" \/>\n<script type=\"application\/ld+json\" class=\"yoast-schema-graph\">{\"@context\":\"https:\\\/\\\/schema.org\",\"@graph\":[{\"@type\":\"WebPage\",\"@id\":\"https:\\\/\\\/www.elavion.es\\\/en\\\/nuestros-productos\\\/toffees-en\\\/pastilla-cafe-con-leche-2\\\/\",\"url\":\"https:\\\/\\\/www.elavion.es\\\/en\\\/nuestros-productos\\\/toffees-en\\\/pastilla-cafe-con-leche-2\\\/\",\"name\":\"Toffee Caf\u00e9 y Leche with coffee and milk\",\"isPartOf\":{\"@id\":\"https:\\\/\\\/www.elavion.es\\\/en\\\/#website\"},\"primaryImageOfPage\":{\"@id\":\"https:\\\/\\\/www.elavion.es\\\/en\\\/nuestros-productos\\\/toffees-en\\\/pastilla-cafe-con-leche-2\\\/#primaryimage\"},\"image\":{\"@id\":\"https:\\\/\\\/www.elavion.es\\\/en\\\/nuestros-productos\\\/toffees-en\\\/pastilla-cafe-con-leche-2\\\/#primaryimage\"},\"thumbnailUrl\":\"https:\\\/\\\/www.elavion.es\\\/wp-content\\\/uploads\\\/pastilla_cafeyleche-Dulces-El-avio\u0301n.png\",\"datePublished\":\"2022-06-29T06:46:31+00:00\",\"dateModified\":\"2025-05-15T08:26:07+00:00\",\"description\":\"Enjoy this Toffee Caf\u00e9 y Leche. Simple and delicious toffee with coffee and milk.\",\"breadcrumb\":{\"@id\":\"https:\\\/\\\/www.elavion.es\\\/en\\\/nuestros-productos\\\/toffees-en\\\/pastilla-cafe-con-leche-2\\\/#breadcrumb\"},\"inLanguage\":\"en-US\",\"potentialAction\":[{\"@type\":\"ReadAction\",\"target\":[\"https:\\\/\\\/www.elavion.es\\\/en\\\/nuestros-productos\\\/toffees-en\\\/pastilla-cafe-con-leche-2\\\/\"]}]},{\"@type\":\"ImageObject\",\"inLanguage\":\"en-US\",\"@id\":\"https:\\\/\\\/www.elavion.es\\\/en\\\/nuestros-productos\\\/toffees-en\\\/pastilla-cafe-con-leche-2\\\/#primaryimage\",\"url\":\"https:\\\/\\\/www.elavion.es\\\/wp-content\\\/uploads\\\/pastilla_cafeyleche-Dulces-El-avio\u0301n.png\",\"contentUrl\":\"https:\\\/\\\/www.elavion.es\\\/wp-content\\\/uploads\\\/pastilla_cafeyleche-Dulces-El-avio\u0301n.png\",\"width\":1000,\"height\":538,\"caption\":\"Pastilla de Caf\u00e9 y Leche, el caramelo tradicional de la ciudad de Logro\u00f1o\"},{\"@type\":\"BreadcrumbList\",\"@id\":\"https:\\\/\\\/www.elavion.es\\\/en\\\/nuestros-productos\\\/toffees-en\\\/pastilla-cafe-con-leche-2\\\/#breadcrumb\",\"itemListElement\":[{\"@type\":\"ListItem\",\"position\":1,\"name\":\"Portada\",\"item\":\"https:\\\/\\\/www.elavion.es\\\/en\\\/\"},{\"@type\":\"ListItem\",\"position\":2,\"name\":\"Our products\",\"item\":\"https:\\\/\\\/www.elavion.es\\\/en\\\/our-products\\\/\"},{\"@type\":\"ListItem\",\"position\":3,\"name\":\"Toffee Caf\u00e9 y Leche\"}]},{\"@type\":\"WebSite\",\"@id\":\"https:\\\/\\\/www.elavion.es\\\/en\\\/#website\",\"url\":\"https:\\\/\\\/www.elavion.es\\\/en\\\/\",\"name\":\"Dulces El Avi\u00f3n\",\"description\":\"Dulces El Avi\u00f3n, somos fabricantes de toffees, caramelos, chocolates, frutas ba\u00f1adas, mazapanes de Soto... Fabricados para ti desde Logro\u00f1o, La Rioja.\",\"potentialAction\":[{\"@type\":\"SearchAction\",\"target\":{\"@type\":\"EntryPoint\",\"urlTemplate\":\"https:\\\/\\\/www.elavion.es\\\/en\\\/?s={search_term_string}\"},\"query-input\":{\"@type\":\"PropertyValueSpecification\",\"valueRequired\":true,\"valueName\":\"search_term_string\"}}],\"inLanguage\":\"en-US\"}]}<\/script>\n<!-- \/ Yoast SEO plugin. -->","yoast_head_json":{"title":"Toffee Caf\u00e9 y Leche with coffee and milk","description":"Enjoy this Toffee Caf\u00e9 y Leche. Simple and delicious toffee with coffee and milk.","robots":{"index":"index","follow":"follow","max-snippet":"max-snippet:-1","max-image-preview":"max-image-preview:large","max-video-preview":"max-video-preview:-1"},"canonical":"https:\/\/www.elavion.es\/en\/nuestros-productos\/toffees-en\/pastilla-cafe-con-leche-2\/","og_locale":"en_US","og_type":"article","og_title":"Toffee Caf\u00e9 y Leche with coffee and cream","og_description":"Enjoy this Toffee Caf\u00e9 y Leche. Simple and delicious toffee with coffee and cream.","og_url":"https:\/\/www.elavion.es\/en\/nuestros-productos\/toffees-en\/pastilla-cafe-con-leche-2\/","og_site_name":"Dulces El Avi\u00f3n","article_modified_time":"2025-05-15T08:26:07+00:00","og_image":[{"width":1000,"height":538,"url":"https:\/\/www.elavion.es\/wp-content\/uploads\/pastilla_cafeyleche-Dulces-El-avio\u0301n.png","type":"image\/png"}],"twitter_card":"summary_large_image","twitter_title":"Toffee Caf\u00e9 y Leche with coffee and cream","twitter_description":"Enjoy this Toffee Caf\u00e9 y Leche. Simple and delicious toffee with coffee and cream.","twitter_image":"https:\/\/www.elavion.es\/wp-content\/uploads\/pastilla_cafeyleche-Dulces-El-avio\u0301n.png","twitter_misc":{"Est. reading time":"1 minute"},"schema":{"@context":"https:\/\/schema.org","@graph":[{"@type":"WebPage","@id":"https:\/\/www.elavion.es\/en\/nuestros-productos\/toffees-en\/pastilla-cafe-con-leche-2\/","url":"https:\/\/www.elavion.es\/en\/nuestros-productos\/toffees-en\/pastilla-cafe-con-leche-2\/","name":"Toffee Caf\u00e9 y Leche with coffee and milk","isPartOf":{"@id":"https:\/\/www.elavion.es\/en\/#website"},"primaryImageOfPage":{"@id":"https:\/\/www.elavion.es\/en\/nuestros-productos\/toffees-en\/pastilla-cafe-con-leche-2\/#primaryimage"},"image":{"@id":"https:\/\/www.elavion.es\/en\/nuestros-productos\/toffees-en\/pastilla-cafe-con-leche-2\/#primaryimage"},"thumbnailUrl":"https:\/\/www.elavion.es\/wp-content\/uploads\/pastilla_cafeyleche-Dulces-El-avio\u0301n.png","datePublished":"2022-06-29T06:46:31+00:00","dateModified":"2025-05-15T08:26:07+00:00","description":"Enjoy this Toffee Caf\u00e9 y Leche. Simple and delicious toffee with coffee and milk.","breadcrumb":{"@id":"https:\/\/www.elavion.es\/en\/nuestros-productos\/toffees-en\/pastilla-cafe-con-leche-2\/#breadcrumb"},"inLanguage":"en-US","potentialAction":[{"@type":"ReadAction","target":["https:\/\/www.elavion.es\/en\/nuestros-productos\/toffees-en\/pastilla-cafe-con-leche-2\/"]}]},{"@type":"ImageObject","inLanguage":"en-US","@id":"https:\/\/www.elavion.es\/en\/nuestros-productos\/toffees-en\/pastilla-cafe-con-leche-2\/#primaryimage","url":"https:\/\/www.elavion.es\/wp-content\/uploads\/pastilla_cafeyleche-Dulces-El-avio\u0301n.png","contentUrl":"https:\/\/www.elavion.es\/wp-content\/uploads\/pastilla_cafeyleche-Dulces-El-avio\u0301n.png","width":1000,"height":538,"caption":"Pastilla de Caf\u00e9 y Leche, el caramelo tradicional de la ciudad de Logro\u00f1o"},{"@type":"BreadcrumbList","@id":"https:\/\/www.elavion.es\/en\/nuestros-productos\/toffees-en\/pastilla-cafe-con-leche-2\/#breadcrumb","itemListElement":[{"@type":"ListItem","position":1,"name":"Portada","item":"https:\/\/www.elavion.es\/en\/"},{"@type":"ListItem","position":2,"name":"Our products","item":"https:\/\/www.elavion.es\/en\/our-products\/"},{"@type":"ListItem","position":3,"name":"Toffee Caf\u00e9 y Leche"}]},{"@type":"WebSite","@id":"https:\/\/www.elavion.es\/en\/#website","url":"https:\/\/www.elavion.es\/en\/","name":"Dulces El Avi\u00f3n","description":"Dulces El Avi\u00f3n, somos fabricantes de toffees, caramelos, chocolates, frutas ba\u00f1adas, mazapanes de Soto... Fabricados para ti desde Logro\u00f1o, La Rioja.","potentialAction":[{"@type":"SearchAction","target":{"@type":"EntryPoint","urlTemplate":"https:\/\/www.elavion.es\/en\/?s={search_term_string}"},"query-input":{"@type":"PropertyValueSpecification","valueRequired":true,"valueName":"search_term_string"}}],"inLanguage":"en-US"}]}},"_links":{"self":[{"href":"https:\/\/www.elavion.es\/en\/wp-json\/wp\/v2\/product\/14791","targetHints":{"allow":["GET"]}}],"collection":[{"href":"https:\/\/www.elavion.es\/en\/wp-json\/wp\/v2\/product"}],"about":[{"href":"https:\/\/www.elavion.es\/en\/wp-json\/wp\/v2\/types\/product"}],"wp:featuredmedia":[{"embeddable":true,"href":"https:\/\/www.elavion.es\/en\/wp-json\/wp\/v2\/media\/13065"}],"wp:attachment":[{"href":"https:\/\/www.elavion.es\/en\/wp-json\/wp\/v2\/media?parent=14791"}],"wp:term":[{"taxonomy":"product_brand","embeddable":true,"href":"https:\/\/www.elavion.es\/en\/wp-json\/wp\/v2\/product_brand?post=14791"},{"taxonomy":"product_cat","embeddable":true,"href":"https:\/\/www.elavion.es\/en\/wp-json\/wp\/v2\/product_cat?post=14791"},{"taxonomy":"product_tag","embeddable":true,"href":"https:\/\/www.elavion.es\/en\/wp-json\/wp\/v2\/product_tag?post=14791"}],"curies":[{"name":"wp","href":"https:\/\/api.w.org\/{rel}","templated":true}]}}