{"id":14706,"date":"2022-07-22T13:22:58","date_gmt":"2022-07-22T11:22:58","guid":{"rendered":"https:\/\/elavion.es\/new2022\/?page_id=14706"},"modified":"2022-08-01T07:47:38","modified_gmt":"2022-08-01T05:47:38","slug":"terms-and-conditions-of-sale","status":"publish","type":"page","link":"https:\/\/www.elavion.es\/en\/legal-information-of-the-site-elavion-es\/terms-and-conditions-of-sale\/","title":{"rendered":"Terms and conditions of sale"},"content":{"rendered":"\n<h1 class=\"wp-block-heading\">Terms and conditions of sale<\/h1>\n\n\n\n<p>These General Terms and Conditions (hereinafter, General Terms and Conditions) regulate the process of purchase and sale of the products offered by DULCES EL AVI\u00d3N, S.A. in the catalogue available on its website www.elavion.es<\/p>\n\n\n\n<p>The General Conditions bind DULCES EL AVI\u00d3N, S.A., and the buyer (Customer), giving them a series of rights and obligations, from the moment it makes and accepts an order through this page. They are of obligatory compliance and knowledge by both parties, so their acceptance is essential in order to be able to formalise an order. For this reason, the Client must read these conditions carefully.<\/p>\n\n\n\n<p>The headings of the individual clauses are for information purposes only and shall not affect, qualify or extend the interpretation of the General Conditions.<\/p>\n\n\n\n<p>These General Terms and Conditions shall be governed by the provisions of the applicable law.<\/p>\n\n\n\n<h2 class=\"wp-block-heading\">1. PARTES INTERVENIENTES<\/h2>\n\n\n\n<p><strong>EMPRESA VENDEDORA<\/strong><\/p>\n\n\n\n<ul class=\"wp-block-list\"><li>DULCES EL AVI\u00d3N, S.A. es titular de la p\u00e1gina web: www.elavion.es<\/li><li><strong>Raz\u00f3n social<\/strong>: DULCES EL AVI\u00d3N, S.A.<\/li><li><strong>Domicilio<\/strong>: Pol\u00edgono industrial La Portalada II, calle Planillo N\u00ba 1 esquina calle Pic\u00f3n<\/li><li><strong>CIF:&nbsp;<\/strong>A-26000638<\/li><\/ul>\n\n\n\n<p><strong>Contacto<\/strong>:<\/p>\n\n\n\n<ul class=\"wp-block-list\"><li>correo electr\u00f3nico: elavion@elavion.es<\/li><li>tel\u00e9fono: 941271247<\/li><li>en horario: 09:00 a 14:00 horas.<\/li><\/ul>\n\n\n\n<p><strong>CLIENTE<\/strong><\/p>\n\n\n\n<p>A Customer is considered to be any User of the website&nbsp;<a href=\"http:\/\/www.elavion.es\/\">www.elavion.es<\/a>&nbsp;who places an order and accepts the order at the time of placing it.<\/p>\n\n\n\n<p>The Customer must register as such (optional) and provide the following data in order to place the order. This data will be processed in accordance with the Privacy Policy. <\/p>\n\n\n\n<h2 class=\"wp-block-heading\">2. SUBJECT OF CONTRACT<\/h2>\n\n\n\n<p>To regulate the sale and purchase of the products offered by DULCES EL AVI\u00d3N, S.A. on its website by the Customer.<\/p>\n\n\n\n<h2 class=\"wp-block-heading\">3. BIDDING PROCESS<\/h2>\n\n\n\n<p>Each product has a product description and selling price including taxes<\/p>\n\n\n\n<p>The final purchase price of a product or its shipping costs, may vary depending on the destination region of the product, or the method of payment, as it depends on the geographical area where it is sent may vary the costs.<\/p>\n\n\n\n<p>DULCES EL AVI\u00d3N, S.A., ships to mainland Spain.<\/p>\n\n\n\n<p>In any case, as the customer indicates the delivery address and the method of payment, the page will offer the exact price of the products at all times. Always before confirming an order, the customer will be fully informed of all existing costs and exact prices.<\/p>\n\n\n\n<p>The final price of the products is the price that appears on the website at the time the order is placed, once a payment method and place of delivery have been established.<\/p>\n\n\n\n<p>Any customs charges that may be incurred for the transport of the products from the country of origin to the country of destination shall be borne by the Customer unless otherwise agreed.<\/p>\n\n\n\n<p>En ocasiones, seg\u00fan el dispositivo mediante el cual se acceda a&nbsp;<a href=\"http:\/\/www.laruecavoladora.com\/\">www.elavion.es<\/a>, el color del producto puede verse diferente al que realmente es.<\/p>\n\n\n\n<h2 class=\"wp-block-heading\">4. ACEPTACI\u00d3N DE LA OFERTA<\/h2>\n\n\n\n<p>Se produce en el momento en el cual el Cliente da su consentimiento expreso al pedido realizado, y con posterioridad a la aceptaci\u00f3n de las Condiciones Generales.<\/p>\n\n\n\n<p>En el momento de activar el pedido el cliente formaliza un contrato de compra del producto seleccionado con DULCES EL AVI\u00d3N, S.A. adquiriendo los derechos y compromisos establecido\n\nTranslated with www.DeepL.com\/Translator (free version)<\/p>\n","protected":false},"excerpt":{"rendered":"<p>Terms and conditions of sale These General Terms and Conditions (hereinafter, General Terms and Conditions) regulate the process of purchase and sale of the products offered by DULCES EL AVI\u00d3N, S.A. in the catalogue available on its website www.elavion.es The General Conditions bind DULCES EL AVI\u00d3N, S.A., and the buyer (Customer), giving them a series&hellip;<\/p>\n","protected":false},"author":1,"featured_media":0,"parent":14713,"menu_order":3,"comment_status":"closed","ping_status":"closed","template":"","meta":{"_acf_changed":false,"footnotes":""},"class_list":["post-14706","page","type-page","status-publish","hentry"],"acf":{"coloresplantilla":{"colorfondo":"rgba(255,255,255,0.8)","colortexto":"rgb(6,35,130)","coloralternativa":""}},"yoast_head":"<!-- This site is optimized with the Yoast SEO plugin v27.4 - https:\/\/yoast.com\/product\/yoast-seo-wordpress\/ -->\n<title>Terms and conditions of sale - Dulces El Avi\u00f3n<\/title>\n<meta name=\"robots\" content=\"index, follow, max-snippet:-1, max-image-preview:large, max-video-preview:-1\" \/>\n<link rel=\"canonical\" href=\"https:\/\/www.elavion.es\/en\/legal-information-of-the-site-elavion-es\/terms-and-conditions-of-sale\/\" \/>\n<meta property=\"og:locale\" content=\"en_US\" \/>\n<meta property=\"og:type\" content=\"article\" \/>\n<meta property=\"og:title\" content=\"Terms and conditions of sale - Dulces El Avi\u00f3n\" \/>\n<meta property=\"og:description\" content=\"Terms and conditions of sale These General Terms and Conditions (hereinafter, General Terms and Conditions) regulate the process of purchase and sale of the products offered by DULCES EL AVI\u00d3N, S.A. in the catalogue available on its website www.elavion.es The General Conditions bind DULCES EL AVI\u00d3N, S.A., and the buyer (Customer), giving them a series&hellip;\" \/>\n<meta property=\"og:url\" content=\"https:\/\/www.elavion.es\/en\/legal-information-of-the-site-elavion-es\/terms-and-conditions-of-sale\/\" \/>\n<meta property=\"og:site_name\" content=\"Dulces El Avi\u00f3n\" \/>\n<meta property=\"article:modified_time\" content=\"2022-08-01T05:47:38+00:00\" \/>\n<meta name=\"twitter:card\" content=\"summary_large_image\" \/>\n<meta name=\"twitter:label1\" content=\"Est. reading time\" \/>\n\t<meta name=\"twitter:data1\" content=\"3 minutes\" \/>\n<script type=\"application\/ld+json\" class=\"yoast-schema-graph\">{\"@context\":\"https:\\\/\\\/schema.org\",\"@graph\":[{\"@type\":\"WebPage\",\"@id\":\"https:\\\/\\\/www.elavion.es\\\/en\\\/legal-information-of-the-site-elavion-es\\\/terms-and-conditions-of-sale\\\/\",\"url\":\"https:\\\/\\\/www.elavion.es\\\/en\\\/legal-information-of-the-site-elavion-es\\\/terms-and-conditions-of-sale\\\/\",\"name\":\"Terms and conditions of sale - Dulces El Avi\u00f3n\",\"isPartOf\":{\"@id\":\"https:\\\/\\\/www.elavion.es\\\/en\\\/#website\"},\"datePublished\":\"2022-07-22T11:22:58+00:00\",\"dateModified\":\"2022-08-01T05:47:38+00:00\",\"breadcrumb\":{\"@id\":\"https:\\\/\\\/www.elavion.es\\\/en\\\/legal-information-of-the-site-elavion-es\\\/terms-and-conditions-of-sale\\\/#breadcrumb\"},\"inLanguage\":\"en-US\",\"potentialAction\":[{\"@type\":\"ReadAction\",\"target\":[\"https:\\\/\\\/www.elavion.es\\\/en\\\/legal-information-of-the-site-elavion-es\\\/terms-and-conditions-of-sale\\\/\"]}]},{\"@type\":\"BreadcrumbList\",\"@id\":\"https:\\\/\\\/www.elavion.es\\\/en\\\/legal-information-of-the-site-elavion-es\\\/terms-and-conditions-of-sale\\\/#breadcrumb\",\"itemListElement\":[{\"@type\":\"ListItem\",\"position\":1,\"name\":\"Portada\",\"item\":\"https:\\\/\\\/www.elavion.es\\\/en\\\/\"},{\"@type\":\"ListItem\",\"position\":2,\"name\":\"Legal information of the site elavion.es\",\"item\":\"https:\\\/\\\/www.elavion.es\\\/en\\\/legal-information-of-the-site-elavion-es\\\/\"},{\"@type\":\"ListItem\",\"position\":3,\"name\":\"Terms and conditions of sale\"}]},{\"@type\":\"WebSite\",\"@id\":\"https:\\\/\\\/www.elavion.es\\\/en\\\/#website\",\"url\":\"https:\\\/\\\/www.elavion.es\\\/en\\\/\",\"name\":\"Dulces El Avi\u00f3n\",\"description\":\"Dulces El Avi\u00f3n, somos fabricantes de toffees, caramelos, chocolates, frutas ba\u00f1adas, mazapanes de Soto... Fabricados para ti desde Logro\u00f1o, La Rioja.\",\"potentialAction\":[{\"@type\":\"SearchAction\",\"target\":{\"@type\":\"EntryPoint\",\"urlTemplate\":\"https:\\\/\\\/www.elavion.es\\\/en\\\/?s={search_term_string}\"},\"query-input\":{\"@type\":\"PropertyValueSpecification\",\"valueRequired\":true,\"valueName\":\"search_term_string\"}}],\"inLanguage\":\"en-US\"}]}<\/script>\n<!-- \/ Yoast SEO plugin. -->","yoast_head_json":{"title":"Terms and conditions of sale - Dulces El Avi\u00f3n","robots":{"index":"index","follow":"follow","max-snippet":"max-snippet:-1","max-image-preview":"max-image-preview:large","max-video-preview":"max-video-preview:-1"},"canonical":"https:\/\/www.elavion.es\/en\/legal-information-of-the-site-elavion-es\/terms-and-conditions-of-sale\/","og_locale":"en_US","og_type":"article","og_title":"Terms and conditions of sale - Dulces El Avi\u00f3n","og_description":"Terms and conditions of sale These General Terms and Conditions (hereinafter, General Terms and Conditions) regulate the process of purchase and sale of the products offered by DULCES EL AVI\u00d3N, S.A. in the catalogue available on its website www.elavion.es The General Conditions bind DULCES EL AVI\u00d3N, S.A., and the buyer (Customer), giving them a series&hellip;","og_url":"https:\/\/www.elavion.es\/en\/legal-information-of-the-site-elavion-es\/terms-and-conditions-of-sale\/","og_site_name":"Dulces El Avi\u00f3n","article_modified_time":"2022-08-01T05:47:38+00:00","twitter_card":"summary_large_image","twitter_misc":{"Est. reading time":"3 minutes"},"schema":{"@context":"https:\/\/schema.org","@graph":[{"@type":"WebPage","@id":"https:\/\/www.elavion.es\/en\/legal-information-of-the-site-elavion-es\/terms-and-conditions-of-sale\/","url":"https:\/\/www.elavion.es\/en\/legal-information-of-the-site-elavion-es\/terms-and-conditions-of-sale\/","name":"Terms and conditions of sale - Dulces El Avi\u00f3n","isPartOf":{"@id":"https:\/\/www.elavion.es\/en\/#website"},"datePublished":"2022-07-22T11:22:58+00:00","dateModified":"2022-08-01T05:47:38+00:00","breadcrumb":{"@id":"https:\/\/www.elavion.es\/en\/legal-information-of-the-site-elavion-es\/terms-and-conditions-of-sale\/#breadcrumb"},"inLanguage":"en-US","potentialAction":[{"@type":"ReadAction","target":["https:\/\/www.elavion.es\/en\/legal-information-of-the-site-elavion-es\/terms-and-conditions-of-sale\/"]}]},{"@type":"BreadcrumbList","@id":"https:\/\/www.elavion.es\/en\/legal-information-of-the-site-elavion-es\/terms-and-conditions-of-sale\/#breadcrumb","itemListElement":[{"@type":"ListItem","position":1,"name":"Portada","item":"https:\/\/www.elavion.es\/en\/"},{"@type":"ListItem","position":2,"name":"Legal information of the site elavion.es","item":"https:\/\/www.elavion.es\/en\/legal-information-of-the-site-elavion-es\/"},{"@type":"ListItem","position":3,"name":"Terms and conditions of sale"}]},{"@type":"WebSite","@id":"https:\/\/www.elavion.es\/en\/#website","url":"https:\/\/www.elavion.es\/en\/","name":"Dulces El Avi\u00f3n","description":"Dulces El Avi\u00f3n, somos fabricantes de toffees, caramelos, chocolates, frutas ba\u00f1adas, mazapanes de Soto... Fabricados para ti desde Logro\u00f1o, La Rioja.","potentialAction":[{"@type":"SearchAction","target":{"@type":"EntryPoint","urlTemplate":"https:\/\/www.elavion.es\/en\/?s={search_term_string}"},"query-input":{"@type":"PropertyValueSpecification","valueRequired":true,"valueName":"search_term_string"}}],"inLanguage":"en-US"}]}},"_links":{"self":[{"href":"https:\/\/www.elavion.es\/en\/wp-json\/wp\/v2\/pages\/14706","targetHints":{"allow":["GET"]}}],"collection":[{"href":"https:\/\/www.elavion.es\/en\/wp-json\/wp\/v2\/pages"}],"about":[{"href":"https:\/\/www.elavion.es\/en\/wp-json\/wp\/v2\/types\/page"}],"author":[{"embeddable":true,"href":"https:\/\/www.elavion.es\/en\/wp-json\/wp\/v2\/users\/1"}],"replies":[{"embeddable":true,"href":"https:\/\/www.elavion.es\/en\/wp-json\/wp\/v2\/comments?post=14706"}],"version-history":[{"count":1,"href":"https:\/\/www.elavion.es\/en\/wp-json\/wp\/v2\/pages\/14706\/revisions"}],"predecessor-version":[{"id":14707,"href":"https:\/\/www.elavion.es\/en\/wp-json\/wp\/v2\/pages\/14706\/revisions\/14707"}],"up":[{"embeddable":true,"href":"https:\/\/www.elavion.es\/en\/wp-json\/wp\/v2\/pages\/14713"}],"wp:attachment":[{"href":"https:\/\/www.elavion.es\/en\/wp-json\/wp\/v2\/media?parent=14706"}],"curies":[{"name":"wp","href":"https:\/\/api.w.org\/{rel}","templated":true}]}}