{"id":14704,"date":"2022-04-12T06:26:44","date_gmt":"2022-04-12T04:26:44","guid":{"rendered":"https:\/\/elavion.es\/new2022\/?page_id=14704"},"modified":"2022-08-01T07:45:23","modified_gmt":"2022-08-01T05:45:23","slug":"privacy-policy","status":"publish","type":"page","link":"https:\/\/www.elavion.es\/en\/legal-information-of-the-site-elavion-es\/privacy-policy\/","title":{"rendered":"Privacy Policy"},"content":{"rendered":"\n<p>We respect the privacy of visitors to our website. This legal notice sets out the categories of the personal data we collect, how we collect it, what we use it for and with whom we share it, in accordance with applicable data protection legislation, including the General Data Protection Regulation (GDPR). Please read the following carefully to understand our practices regarding your personal data.<\/p>\n\n\n\n<p>In compliance with applicable regulations on data protection, we inform you that DULCES EL AVI\u00d3N, S.A. is responsible for processing the personal data you provide us. Our purpose is providing you the service you request through our contact form and send you commercial information related to our products and services. This information includes advertising and promotional communications, through postal mail, fax, email or any other means. For this purpose, we need you to check the box that indicates your acceptance of this policy. Otherwise, we will not be able to respond to your request.<\/p>\n\n\n\n<p>For the proper provision of the services offered by DULCES EL AVI\u00d3N, S.A., you must answer each and every one of the questions in the forms on our website. Additionally, you declare that you are of legal age.<\/p>\n\n\n\n<p>DULCES EL AVI\u00d3N, S.A. is committed to process your personal data with strict confidentiality. For this purpose, we have implemented the appropriate security measures.<\/p>\n\n\n\n<p>We will not neither share your personal data with other organizations nor transfer them to a destination outside the European Economic Area (EEA), unless this is required by law or necessary to perform our contract with you, in which case we will ask for your consent.<\/p>\n\n\n\n<p><strong><br>YOUR RIGHTS IN RELATION TO YOUR INFORMATION<\/strong><\/p>\n\n\n\n<p>We will only retain your personal information as long as necessary to fulfil the purposes for which it was collected, including the purposes of satisfying any legal, regulatory, accounting or reporting requirements.<\/p>\n\n\n\n<p>Where the processing of your personal data is subject to the GDPR, you have rights as an individual which you can exercise in relation to the information we hold about you under certain circumstances. These rights are to:<\/p>\n\n\n\n<p>Request access to your personal data and request certain information in relation to its processing. You can write to us asking what information we hold on you and to request a copy of that information.<br>Request rectification of your personal data. If you believe our records are inaccurate you have the right to ask for those records concerning you to be updated. This enables you to have any incomplete or inaccurate data we hold about you corrected.<br>Request the erasure of your personal data.<br>Request the restriction of processing of your personal data. In certain situations you have the right to ask for processing of your personal data to be restricted because there is some disagreement about its accuracy or legitimate usage.<br>Object to the processing of your personal data.<br>Request the transfer (portability) of your personal data to another party.<\/p>\n\n\n\n<p>If you want to exercise one of these rights please contact us in: Pol\u00edgono industrial La Portalada II, calle Planillo N\u00ba 1 esquina calle Pic\u00f3n, 26006 Logro\u00f1o (La Rioja) \u2013 Spain<\/p>\n\n\n\n<p>If you believe that we have not processed your personal data in accordance with data protection regulation, you are entitled to submit a complaint to the Spanish Data Protection Agency (<a href=\"https:\/\/www.agpd.es\/\">www.agpd.es<\/a>).<\/p>\n\n\n\n<p><strong><br>COOKIES<\/strong><\/p>\n\n\n\n<p>The information that will be stored in each \u201ccookie\u201d is: language, date and time of the last visit to our website, design of the contents you chose during your first visit to our website and various security elements that are required to control access to the restricted areas.<\/p>\n\n\n\n<p>We study the preferences of our users, their demographic characteristics, their traffic patterns, and other general information in order to have a better understanding of our audience and their needs.<\/p>\n\n\n\n<p>We use a tool called \u201cGoogle Analytics\u201d. Google\u2019s ability to use and share information collected by Google Analytics about your visits to this site is restricted by the Google Analytics Terms of Use and the Google Privacy Policy. These Cookies are managed by Google.<\/p>\n\n\n\n<p>You can configure the browser on your computer in order to warn on reception of a cookie and prevent its creation on your hard disk.<\/p>\n\n\n\n<p><strong><br>DATA PROTECTION<\/strong><\/p>\n\n\n\n<p><strong>CONTROLLER<\/strong><\/p>\n\n\n\n<p><strong>\u00bfWho is the controller?<\/strong><\/p>\n\n\n\n<p>\u2013 DATALIA PROTECCI\u00d3N DE DATOS, S.L.<br>\u2013 Address: Avenida Portugal N\u00ba18 5\u00ba P-Q, 26001 Logro\u00f1o (La Rioja) \u2013 Spain<br>\u2013 Email: datalia@datalia.info<\/p>\n\n\n\n<p><strong><br>WE USE YOUR PERSONAL DATA IN THE FOLLOWING WAYS<\/strong><\/p>\n\n\n\n<p><strong>Purposes<\/strong><\/p>\n\n\n\n<p>\u2013 Management of the contractual relationship with&nbsp;<strong>clients, providers or employees.<br><\/strong>\u2013 Provide you<strong>&nbsp;commercial information&nbsp;<\/strong>of your interest.<br>\u2013&nbsp;<strong>Video surveillance<\/strong>&nbsp;of our facilities.<br>\u2013 Reply to your requests through our&nbsp;<strong>web contact forms.<br><\/strong>\u2013 Evaluate your candidacy if you apply for a&nbsp;<strong>job vacancy.<\/strong><\/p>\n\n\n\n<p><strong><br>Retaining your personal information<\/strong><\/p>\n\n\n\n<p>We will retain your personal data as long as:<\/p>\n\n\n\n<p>a) We keep a commercial relationship with you.<br>b) You do not request the erasure of your personal data<br>c) Any law requires us to keep your data.<\/p>\n\n\n\n<p><strong><br>LAWFUL BASIS<\/strong><\/p>\n\n\n\n<p><strong>Lawful Basis for processing your personal data:<\/strong><\/p>\n\n\n\n<p>\u2013 It is necessary for the performance of a contract to which you are a party or in order to take steps at your request prior to entering into a contract in case you are&nbsp;<strong>client<\/strong>,&nbsp;<strong>provider<\/strong>&nbsp;or&nbsp;<strong>employee<\/strong>.<br>\u2013 It is necessary for the purposes of the legitimate interests (<strong>video surveillance, advertising<\/strong>)<br>\u2013 You have given consent to the processing of your personal data for one or more specific purposes (in case you have sent your&nbsp;<strong>CV<\/strong>).<br>\u2013 You have given consent to the processing of your personal data in case you have signed up for&nbsp;<strong>newsletters&nbsp;<\/strong>or you have contacted with us by filling the<strong>&nbsp;contact form<\/strong>.<\/p>\n\n\n\n<p><strong><br>DATA SHARING<\/strong><\/p>\n\n\n\n<p>a) We will share your data with:<br>Social Security Administration<br>Tax administrations<br>Administrative Agencies<br>Security forces and bodies<br>Insurance companies<\/p>\n\n\n\n<p>b) Data will be communicated by contractual requirement to:<br>Bank, saving bank, etc.<\/p>\n\n\n\n<p><strong><br>YOUR RIGHTS<\/strong><\/p>\n\n\n\n<p>Where the processing of your personal data is subject to the GDPR, you have rights as an individual which you can exercise in relation to the information we hold about you under certain circumstances. These rights are to:<\/p>\n\n\n\n<p>Request access to your personal data and request certain information in relation to its processing. You can write to us asking what information we hold on you and to request a copy of that information.<\/p>\n\n\n\n<p>Request rectification of your personal data.If you believe our records are inaccurate you have the right to ask for those records concerning you to be updated. This enables you to have any incomplete or inaccurate data we hold about you corrected.<\/p>\n\n\n\n<p>Request the erasure of your personal data.<\/p>\n\n\n\n<p>Request the restriction of processing of your personal data; in certain situations you have the right to ask for processing of your personal data to be restricted because there is some disagreement about its accuracy or legitimate usage.<\/p>\n\n\n\n<p>Object to the processing of your personal data. You have an absolute right to stop the processing of your personal data for direct marketing purposes.<\/p>\n\n\n\n<p>Request the transfer (portability) of your personal data to another party.<\/p>\n\n\n\n<p>To obtain details of the information we hold as it relates specifically to you, you may contact DULCES EL AVI\u00d3N, S.A. at the following address: Pol\u00edgono industrial La Portalada II, calle Planillo N\u00ba 1 esquina calle Pic\u00f3n, 26006 Logro\u00f1o.<\/p>\n","protected":false},"excerpt":{"rendered":"<p>We respect the privacy of visitors to our website. This legal notice sets out the categories of the personal data we collect, how we collect it, what we use it for and with whom we share it, in accordance with applicable data protection legislation, including the General Data Protection Regulation (GDPR). Please read the following&hellip;<\/p>\n","protected":false},"author":1,"featured_media":0,"parent":14713,"menu_order":28,"comment_status":"closed","ping_status":"open","template":"","meta":{"_acf_changed":false,"footnotes":""},"class_list":["post-14704","page","type-page","status-publish","hentry"],"acf":{"coloresplantilla":{"colorfondo":"rgba(255,255,255,0.8)","colortexto":"rgb(6,35,130)","coloralternativa":""}},"yoast_head":"<!-- This site is optimized with the Yoast SEO plugin v27.4 - https:\/\/yoast.com\/product\/yoast-seo-wordpress\/ -->\n<title>Privacy Policy - Dulces El Avi\u00f3n<\/title>\n<meta name=\"robots\" content=\"noindex, follow\" \/>\n<meta property=\"og:locale\" content=\"en_US\" \/>\n<meta property=\"og:type\" content=\"article\" \/>\n<meta property=\"og:title\" content=\"Privacy Policy - Dulces El Avi\u00f3n\" \/>\n<meta property=\"og:description\" content=\"We respect the privacy of visitors to our website. This legal notice sets out the categories of the personal data we collect, how we collect it, what we use it for and with whom we share it, in accordance with applicable data protection legislation, including the General Data Protection Regulation (GDPR). Please read the following&hellip;\" \/>\n<meta property=\"og:url\" content=\"https:\/\/www.elavion.es\/en\/legal-information-of-the-site-elavion-es\/privacy-policy\/\" \/>\n<meta property=\"og:site_name\" content=\"Dulces El Avi\u00f3n\" \/>\n<meta property=\"article:modified_time\" content=\"2022-08-01T05:45:23+00:00\" \/>\n<meta name=\"twitter:card\" content=\"summary_large_image\" \/>\n<meta name=\"twitter:label1\" content=\"Est. reading time\" \/>\n\t<meta name=\"twitter:data1\" content=\"6 minutes\" \/>\n<script type=\"application\/ld+json\" class=\"yoast-schema-graph\">{\"@context\":\"https:\\\/\\\/schema.org\",\"@graph\":[{\"@type\":\"WebPage\",\"@id\":\"https:\\\/\\\/www.elavion.es\\\/en\\\/legal-information-of-the-site-elavion-es\\\/privacy-policy\\\/\",\"url\":\"https:\\\/\\\/www.elavion.es\\\/en\\\/legal-information-of-the-site-elavion-es\\\/privacy-policy\\\/\",\"name\":\"Privacy Policy - Dulces El Avi\u00f3n\",\"isPartOf\":{\"@id\":\"https:\\\/\\\/www.elavion.es\\\/en\\\/#website\"},\"datePublished\":\"2022-04-12T04:26:44+00:00\",\"dateModified\":\"2022-08-01T05:45:23+00:00\",\"breadcrumb\":{\"@id\":\"https:\\\/\\\/www.elavion.es\\\/en\\\/legal-information-of-the-site-elavion-es\\\/privacy-policy\\\/#breadcrumb\"},\"inLanguage\":\"en-US\",\"potentialAction\":[{\"@type\":\"ReadAction\",\"target\":[\"https:\\\/\\\/www.elavion.es\\\/en\\\/legal-information-of-the-site-elavion-es\\\/privacy-policy\\\/\"]}]},{\"@type\":\"BreadcrumbList\",\"@id\":\"https:\\\/\\\/www.elavion.es\\\/en\\\/legal-information-of-the-site-elavion-es\\\/privacy-policy\\\/#breadcrumb\",\"itemListElement\":[{\"@type\":\"ListItem\",\"position\":1,\"name\":\"Portada\",\"item\":\"https:\\\/\\\/www.elavion.es\\\/en\\\/\"},{\"@type\":\"ListItem\",\"position\":2,\"name\":\"Legal information of the site elavion.es\",\"item\":\"https:\\\/\\\/www.elavion.es\\\/en\\\/legal-information-of-the-site-elavion-es\\\/\"},{\"@type\":\"ListItem\",\"position\":3,\"name\":\"Privacy Policy\"}]},{\"@type\":\"WebSite\",\"@id\":\"https:\\\/\\\/www.elavion.es\\\/en\\\/#website\",\"url\":\"https:\\\/\\\/www.elavion.es\\\/en\\\/\",\"name\":\"Dulces El Avi\u00f3n\",\"description\":\"Dulces El Avi\u00f3n, somos fabricantes de toffees, caramelos, chocolates, frutas ba\u00f1adas, mazapanes de Soto... Fabricados para ti desde Logro\u00f1o, La Rioja.\",\"potentialAction\":[{\"@type\":\"SearchAction\",\"target\":{\"@type\":\"EntryPoint\",\"urlTemplate\":\"https:\\\/\\\/www.elavion.es\\\/en\\\/?s={search_term_string}\"},\"query-input\":{\"@type\":\"PropertyValueSpecification\",\"valueRequired\":true,\"valueName\":\"search_term_string\"}}],\"inLanguage\":\"en-US\"}]}<\/script>\n<!-- \/ Yoast SEO plugin. -->","yoast_head_json":{"title":"Privacy Policy - Dulces El Avi\u00f3n","robots":{"index":"noindex","follow":"follow"},"og_locale":"en_US","og_type":"article","og_title":"Privacy Policy - Dulces El Avi\u00f3n","og_description":"We respect the privacy of visitors to our website. This legal notice sets out the categories of the personal data we collect, how we collect it, what we use it for and with whom we share it, in accordance with applicable data protection legislation, including the General Data Protection Regulation (GDPR). Please read the following&hellip;","og_url":"https:\/\/www.elavion.es\/en\/legal-information-of-the-site-elavion-es\/privacy-policy\/","og_site_name":"Dulces El Avi\u00f3n","article_modified_time":"2022-08-01T05:45:23+00:00","twitter_card":"summary_large_image","twitter_misc":{"Est. reading time":"6 minutes"},"schema":{"@context":"https:\/\/schema.org","@graph":[{"@type":"WebPage","@id":"https:\/\/www.elavion.es\/en\/legal-information-of-the-site-elavion-es\/privacy-policy\/","url":"https:\/\/www.elavion.es\/en\/legal-information-of-the-site-elavion-es\/privacy-policy\/","name":"Privacy Policy - Dulces El Avi\u00f3n","isPartOf":{"@id":"https:\/\/www.elavion.es\/en\/#website"},"datePublished":"2022-04-12T04:26:44+00:00","dateModified":"2022-08-01T05:45:23+00:00","breadcrumb":{"@id":"https:\/\/www.elavion.es\/en\/legal-information-of-the-site-elavion-es\/privacy-policy\/#breadcrumb"},"inLanguage":"en-US","potentialAction":[{"@type":"ReadAction","target":["https:\/\/www.elavion.es\/en\/legal-information-of-the-site-elavion-es\/privacy-policy\/"]}]},{"@type":"BreadcrumbList","@id":"https:\/\/www.elavion.es\/en\/legal-information-of-the-site-elavion-es\/privacy-policy\/#breadcrumb","itemListElement":[{"@type":"ListItem","position":1,"name":"Portada","item":"https:\/\/www.elavion.es\/en\/"},{"@type":"ListItem","position":2,"name":"Legal information of the site elavion.es","item":"https:\/\/www.elavion.es\/en\/legal-information-of-the-site-elavion-es\/"},{"@type":"ListItem","position":3,"name":"Privacy Policy"}]},{"@type":"WebSite","@id":"https:\/\/www.elavion.es\/en\/#website","url":"https:\/\/www.elavion.es\/en\/","name":"Dulces El Avi\u00f3n","description":"Dulces El Avi\u00f3n, somos fabricantes de toffees, caramelos, chocolates, frutas ba\u00f1adas, mazapanes de Soto... Fabricados para ti desde Logro\u00f1o, La Rioja.","potentialAction":[{"@type":"SearchAction","target":{"@type":"EntryPoint","urlTemplate":"https:\/\/www.elavion.es\/en\/?s={search_term_string}"},"query-input":{"@type":"PropertyValueSpecification","valueRequired":true,"valueName":"search_term_string"}}],"inLanguage":"en-US"}]}},"_links":{"self":[{"href":"https:\/\/www.elavion.es\/en\/wp-json\/wp\/v2\/pages\/14704","targetHints":{"allow":["GET"]}}],"collection":[{"href":"https:\/\/www.elavion.es\/en\/wp-json\/wp\/v2\/pages"}],"about":[{"href":"https:\/\/www.elavion.es\/en\/wp-json\/wp\/v2\/types\/page"}],"author":[{"embeddable":true,"href":"https:\/\/www.elavion.es\/en\/wp-json\/wp\/v2\/users\/1"}],"replies":[{"embeddable":true,"href":"https:\/\/www.elavion.es\/en\/wp-json\/wp\/v2\/comments?post=14704"}],"version-history":[{"count":1,"href":"https:\/\/www.elavion.es\/en\/wp-json\/wp\/v2\/pages\/14704\/revisions"}],"predecessor-version":[{"id":14705,"href":"https:\/\/www.elavion.es\/en\/wp-json\/wp\/v2\/pages\/14704\/revisions\/14705"}],"up":[{"embeddable":true,"href":"https:\/\/www.elavion.es\/en\/wp-json\/wp\/v2\/pages\/14713"}],"wp:attachment":[{"href":"https:\/\/www.elavion.es\/en\/wp-json\/wp\/v2\/media?parent=14704"}],"curies":[{"name":"wp","href":"https:\/\/api.w.org\/{rel}","templated":true}]}}