{"id":14698,"date":"2022-04-29T07:28:08","date_gmt":"2022-04-29T05:28:08","guid":{"rendered":"https:\/\/elavion.es\/new2022\/contact\/"},"modified":"2022-11-07T18:02:56","modified_gmt":"2022-11-07T16:02:56","slug":"contact","status":"publish","type":"page","link":"https:\/\/www.elavion.es\/en\/contact\/","title":{"rendered":"Contact"},"content":{"rendered":"\n<h2>\n\t\tContact us\n\t<\/h2>\n\t\t\t<h3> Location<\/h3> <p><strong>Pol\u00edgono La Portalada II<\/strong><br \/>c\/ Planillo, 1. Esq. Pic\u00f3n &#8211; 26006 Logro\u00f1o, La Rioja &#8211; Spain<\/p>\t\t\n\t\t\t<h3> Contact<\/h3> <p><a href=\"tel:0034941271247\"><strong>+34 941 27 12 47<\/strong><\/a> and <a href=\"tel:0034941275151\">+34 941 27 51 51<\/a><\/p>\t\t\n\t\t\t\t<img loading=\"lazy\" decoding=\"async\" src=\"https:\/\/www.elavion.es\/wp-content\/uploads\/fachada-avion.jpeg\" alt=\"Dulces El Avi\u00f3n\" itemprop=\"image\" height=\"402\" width=\"942\" title=\"fachada-avion\" onerror=\"this.style.display='none'\"  \/>\n<h3>\n\t\tCome to see us\n\t<\/h3>\n\t<iframe src=\"https:\/\/www.google.com\/maps\/embed\/v1\/place?q=Dulces+el+avion&#038;key=AIzaSyD09zQ9PNDNNy9TadMuzRV_UsPUoWKntt8\" aria-hidden=\"true\"><\/iframe>\n<h3>\n\t\tSend us a message\n\t<\/h3>\n<form>\n\t<input type=\"hidden\" name=\"fl-layout-id\" value=\"14698\" \/>\n    \t\t<label for=\"pp-name-\">Name<\/label>\n    \t\tPlease enter your name.\n    \t\t<input type=\"text\" name=\"pp-name\" id=\"pp-name-\" value=\"\" placeholder=\"Name\"  \/>\n    \t\t<label for=\"pp-email-\">Email<\/label>\n    \t\tPlease enter a valid email address.\n    \t\t<input type=\"email\" name=\"pp-email\" id=\"pp-email-\" value=\"\" placeholder=\"Email\"  \/>\n    \t\t<label for=\"pp-phone-\">Telephone<\/label>\n    \t\tPlease enter a valid phone number.\n    \t\t<input type=\"tel\" name=\"pp-phone\" id=\"pp-phone-\" value=\"\" placeholder=\"Telephone\"  \/>\n    \t\t<label for=\"pp-subject-\">Reason for contact<\/label>\n    \t\tPlease enter a subject.\n    \t\t<input type=\"text\" name=\"pp-subject\" id=\"pp-subject-\" value=\"\" placeholder=\"Reason for contact\"  \/>\n    \t\t<label for=\"pp-message-\">Write your message<\/label>\n    \t\tPlease type your message.\n    \t\t<textarea name=\"pp-message\" id=\"pp-message-\" placeholder=\"Write your message\"><\/textarea>\n\t\t<input type=\"checkbox\" name=\"pp-checkbox\" id=\"pp-checkbox_\" value=\"1\" \/>\n\t\t<label for=\"pp-checkbox_\">He le\u00eddo y acepto la <a href=\"https:\/\/www.elavion.es\/politica-de-privacidad\/\" target=\"_blank\" rel=\"noopener\">Pol\u00edtica de Privacidad<\/a><\/label>\n\t\tPlease check this field.\n    \t<a href=\"#\" target=\"_self\" role=\"button\" rel=\"noopener\">\n    \t\t    \t\t    \t\tSend\n    \t\t    \t\t    \t<\/a>\n\t\t\tMessage Sent!\n\t\t\tMessage failed. Please try again.\n<\/form>\n\n","protected":false},"excerpt":{"rendered":"<p>Contact us Location Pol\u00edgono La Portalada IIc\/ Planillo, 1. Esq. Pic\u00f3n &#8211; 26006 Logro\u00f1o, La Rioja &#8211; Spain Contact +34 941 27 12 47 and +34 941 27 51 51 Come to see us Send us a message Name Please enter your name. Email Please enter a valid email address. Telephone Please enter a valid&hellip;<\/p>\n","protected":false},"author":1,"featured_media":0,"parent":0,"menu_order":13,"comment_status":"closed","ping_status":"closed","template":"","meta":{"_acf_changed":false,"footnotes":""},"class_list":["post-14698","page","type-page","status-publish","hentry"],"acf":{"coloresplantilla":{"colorfondo":"rgba(255,255,255,0.9)","colortexto":"rgb(6,35,130)","coloralternativa":""}},"yoast_head":"<!-- This site is optimized with the Yoast SEO plugin v27.4 - https:\/\/yoast.com\/product\/yoast-seo-wordpress\/ -->\n<title>Contact - Dulces El Avi\u00f3n<\/title>\n<meta name=\"robots\" content=\"index, follow, max-snippet:-1, max-image-preview:large, max-video-preview:-1\" \/>\n<link rel=\"canonical\" href=\"https:\/\/www.elavion.es\/en\/contact\/\" \/>\n<meta property=\"og:locale\" content=\"en_US\" \/>\n<meta property=\"og:type\" content=\"article\" \/>\n<meta property=\"og:title\" content=\"Contact - Dulces El Avi\u00f3n\" \/>\n<meta property=\"og:description\" content=\"Contact us Location Pol\u00edgono La Portalada IIc\/ Planillo, 1. Esq. Pic\u00f3n &#8211; 26006 Logro\u00f1o, La Rioja &#8211; Spain Contact +34 941 27 12 47 and +34 941 27 51 51 Come to see us Send us a message Name Please enter your name. Email Please enter a valid email address. Telephone Please enter a valid&hellip;\" \/>\n<meta property=\"og:url\" content=\"https:\/\/www.elavion.es\/en\/contact\/\" \/>\n<meta property=\"og:site_name\" content=\"Dulces El Avi\u00f3n\" \/>\n<meta property=\"article:modified_time\" content=\"2022-11-07T16:02:56+00:00\" \/>\n<meta property=\"og:image\" content=\"https:\/\/www.elavion.es\/wp-content\/uploads\/fachada-avion.jpeg\" \/>\n<meta name=\"twitter:card\" content=\"summary_large_image\" \/>\n<script type=\"application\/ld+json\" class=\"yoast-schema-graph\">{\"@context\":\"https:\\\/\\\/schema.org\",\"@graph\":[{\"@type\":\"WebPage\",\"@id\":\"https:\\\/\\\/www.elavion.es\\\/en\\\/contact\\\/\",\"url\":\"https:\\\/\\\/www.elavion.es\\\/en\\\/contact\\\/\",\"name\":\"Contact - Dulces El Avi\u00f3n\",\"isPartOf\":{\"@id\":\"https:\\\/\\\/www.elavion.es\\\/en\\\/#website\"},\"primaryImageOfPage\":{\"@id\":\"https:\\\/\\\/www.elavion.es\\\/en\\\/contact\\\/#primaryimage\"},\"image\":{\"@id\":\"https:\\\/\\\/www.elavion.es\\\/en\\\/contact\\\/#primaryimage\"},\"thumbnailUrl\":\"https:\\\/\\\/www.elavion.es\\\/wp-content\\\/uploads\\\/fachada-avion.jpeg\",\"datePublished\":\"2022-04-29T05:28:08+00:00\",\"dateModified\":\"2022-11-07T16:02:56+00:00\",\"breadcrumb\":{\"@id\":\"https:\\\/\\\/www.elavion.es\\\/en\\\/contact\\\/#breadcrumb\"},\"inLanguage\":\"en-US\",\"potentialAction\":[{\"@type\":\"ReadAction\",\"target\":[\"https:\\\/\\\/www.elavion.es\\\/en\\\/contact\\\/\"]}]},{\"@type\":\"ImageObject\",\"inLanguage\":\"en-US\",\"@id\":\"https:\\\/\\\/www.elavion.es\\\/en\\\/contact\\\/#primaryimage\",\"url\":\"https:\\\/\\\/www.elavion.es\\\/wp-content\\\/uploads\\\/fachada-avion.jpeg\",\"contentUrl\":\"https:\\\/\\\/www.elavion.es\\\/wp-content\\\/uploads\\\/fachada-avion.jpeg\"},{\"@type\":\"BreadcrumbList\",\"@id\":\"https:\\\/\\\/www.elavion.es\\\/en\\\/contact\\\/#breadcrumb\",\"itemListElement\":[{\"@type\":\"ListItem\",\"position\":1,\"name\":\"Portada\",\"item\":\"https:\\\/\\\/www.elavion.es\\\/en\\\/\"},{\"@type\":\"ListItem\",\"position\":2,\"name\":\"Contact\"}]},{\"@type\":\"WebSite\",\"@id\":\"https:\\\/\\\/www.elavion.es\\\/en\\\/#website\",\"url\":\"https:\\\/\\\/www.elavion.es\\\/en\\\/\",\"name\":\"Dulces El Avi\u00f3n\",\"description\":\"Dulces El Avi\u00f3n, somos fabricantes de toffees, caramelos, chocolates, frutas ba\u00f1adas, mazapanes de Soto... Fabricados para ti desde Logro\u00f1o, La Rioja.\",\"potentialAction\":[{\"@type\":\"SearchAction\",\"target\":{\"@type\":\"EntryPoint\",\"urlTemplate\":\"https:\\\/\\\/www.elavion.es\\\/en\\\/?s={search_term_string}\"},\"query-input\":{\"@type\":\"PropertyValueSpecification\",\"valueRequired\":true,\"valueName\":\"search_term_string\"}}],\"inLanguage\":\"en-US\"}]}<\/script>\n<!-- \/ Yoast SEO plugin. -->","yoast_head_json":{"title":"Contact - Dulces El Avi\u00f3n","robots":{"index":"index","follow":"follow","max-snippet":"max-snippet:-1","max-image-preview":"max-image-preview:large","max-video-preview":"max-video-preview:-1"},"canonical":"https:\/\/www.elavion.es\/en\/contact\/","og_locale":"en_US","og_type":"article","og_title":"Contact - Dulces El Avi\u00f3n","og_description":"Contact us Location Pol\u00edgono La Portalada IIc\/ Planillo, 1. Esq. Pic\u00f3n &#8211; 26006 Logro\u00f1o, La Rioja &#8211; Spain Contact +34 941 27 12 47 and +34 941 27 51 51 Come to see us Send us a message Name Please enter your name. Email Please enter a valid email address. Telephone Please enter a valid&hellip;","og_url":"https:\/\/www.elavion.es\/en\/contact\/","og_site_name":"Dulces El Avi\u00f3n","article_modified_time":"2022-11-07T16:02:56+00:00","og_image":[{"url":"https:\/\/www.elavion.es\/wp-content\/uploads\/fachada-avion.jpeg","type":"","width":"","height":""}],"twitter_card":"summary_large_image","schema":{"@context":"https:\/\/schema.org","@graph":[{"@type":"WebPage","@id":"https:\/\/www.elavion.es\/en\/contact\/","url":"https:\/\/www.elavion.es\/en\/contact\/","name":"Contact - Dulces El Avi\u00f3n","isPartOf":{"@id":"https:\/\/www.elavion.es\/en\/#website"},"primaryImageOfPage":{"@id":"https:\/\/www.elavion.es\/en\/contact\/#primaryimage"},"image":{"@id":"https:\/\/www.elavion.es\/en\/contact\/#primaryimage"},"thumbnailUrl":"https:\/\/www.elavion.es\/wp-content\/uploads\/fachada-avion.jpeg","datePublished":"2022-04-29T05:28:08+00:00","dateModified":"2022-11-07T16:02:56+00:00","breadcrumb":{"@id":"https:\/\/www.elavion.es\/en\/contact\/#breadcrumb"},"inLanguage":"en-US","potentialAction":[{"@type":"ReadAction","target":["https:\/\/www.elavion.es\/en\/contact\/"]}]},{"@type":"ImageObject","inLanguage":"en-US","@id":"https:\/\/www.elavion.es\/en\/contact\/#primaryimage","url":"https:\/\/www.elavion.es\/wp-content\/uploads\/fachada-avion.jpeg","contentUrl":"https:\/\/www.elavion.es\/wp-content\/uploads\/fachada-avion.jpeg"},{"@type":"BreadcrumbList","@id":"https:\/\/www.elavion.es\/en\/contact\/#breadcrumb","itemListElement":[{"@type":"ListItem","position":1,"name":"Portada","item":"https:\/\/www.elavion.es\/en\/"},{"@type":"ListItem","position":2,"name":"Contact"}]},{"@type":"WebSite","@id":"https:\/\/www.elavion.es\/en\/#website","url":"https:\/\/www.elavion.es\/en\/","name":"Dulces El Avi\u00f3n","description":"Dulces El Avi\u00f3n, somos fabricantes de toffees, caramelos, chocolates, frutas ba\u00f1adas, mazapanes de Soto... Fabricados para ti desde Logro\u00f1o, La Rioja.","potentialAction":[{"@type":"SearchAction","target":{"@type":"EntryPoint","urlTemplate":"https:\/\/www.elavion.es\/en\/?s={search_term_string}"},"query-input":{"@type":"PropertyValueSpecification","valueRequired":true,"valueName":"search_term_string"}}],"inLanguage":"en-US"}]}},"_links":{"self":[{"href":"https:\/\/www.elavion.es\/en\/wp-json\/wp\/v2\/pages\/14698","targetHints":{"allow":["GET"]}}],"collection":[{"href":"https:\/\/www.elavion.es\/en\/wp-json\/wp\/v2\/pages"}],"about":[{"href":"https:\/\/www.elavion.es\/en\/wp-json\/wp\/v2\/types\/page"}],"author":[{"embeddable":true,"href":"https:\/\/www.elavion.es\/en\/wp-json\/wp\/v2\/users\/1"}],"replies":[{"embeddable":true,"href":"https:\/\/www.elavion.es\/en\/wp-json\/wp\/v2\/comments?post=14698"}],"version-history":[{"count":4,"href":"https:\/\/www.elavion.es\/en\/wp-json\/wp\/v2\/pages\/14698\/revisions"}],"predecessor-version":[{"id":15219,"href":"https:\/\/www.elavion.es\/en\/wp-json\/wp\/v2\/pages\/14698\/revisions\/15219"}],"wp:attachment":[{"href":"https:\/\/www.elavion.es\/en\/wp-json\/wp\/v2\/media?parent=14698"}],"curies":[{"name":"wp","href":"https:\/\/api.w.org\/{rel}","templated":true}]}}